{"id":3118,"date":"2025-02-20T14:07:15","date_gmt":"2025-02-20T14:07:15","guid":{"rendered":"https:\/\/pixelfarmingrobotics.com\/?page_id=3118"},"modified":"2025-11-07T16:35:49","modified_gmt":"2025-11-07T16:35:49","slug":"dossier-de-presse","status":"publish","type":"page","link":"https:\/\/pixelfarmingrobotics.com\/fr\/presskit\/","title":{"rendered":"Dossier de presse"},"content":{"rendered":"<section class=\"bde-section-3118-100 bde-section\">\n              \n  \n  \n\t\n\n  <div class=\"section-background-overlay\"><\/div>\n\n\n<div class=\"section-container\"><div class=\"bde-div-3118-101 bde-div\">\n  \n  \n\t\n\n\n\n<div class=\"bde-div-3118-102 bde-div\">\n  \n  \n\t\n\n\n\n<div class=\"bde-text-3118-103 bde-text\">\nT\u00e9l\u00e9charger notre\n<\/div><div class=\"bde-text-3118-104 bde-text\">\nDossier de presse\n<\/div>\n<\/div>\n<\/div><\/div>\n<\/section><section class=\"bde-section-3118-107 bde-section\">\n  \n  \n\t\n\n\n\n<div class=\"section-container\"><div class=\"bde-div-3118-128 bde-div\">\n  \n  \n\t\n\n\n\n<div class=\"bde-div-3118-150 bde-div\">\n  \n  \n\t\n\n\n\n<h5 class=\"bde-heading-3118-134 bde-heading\">\nT\u00e9l\u00e9charger les actifs\n<\/h5><div class=\"bde-text-3118-125 bde-text\">\nT\u00e9l\u00e9chargez une seule image ou cliquez sur le bouton ci-dessous pour t\u00e9l\u00e9charger l'ensemble des images.\n<\/div><div class=\"bde-button-3118-106 bde-button zoombutton\">\n    \n                        \n                        \n    \n    \n    \n    \n            \n                    \n            \n            \n\n    \n    \n    \n    \n    \n    <a class=\"breakdance-link button-atom button-atom--primary bde-button__button\" href=\"https:\/\/pixelfarmingrobotics.com\/wp-content\/uploads\/2025\/02\/PFR_Presskit_February2025.zip\" target=\"_self\" data-type=\"url\"  >\n\n    \n        <span class=\"button-atom__text\">T\u00e9l\u00e9charger le paquet<\/span>\n\n        \n        \n                <\/a>\n\n    \n\n\n<\/div>\n<\/div><div class=\"bde-div-3118-151 bde-div\">\n  \n  \n\t\n\n\n\n<h5 class=\"bde-heading-3118-148 bde-heading\">\nUtilisation du contenu\n<\/h5><div class=\"bde-text-3118-149 bde-text\">\nTout le contenu t\u00e9l\u00e9charg\u00e9 de notre site ne peut \u00eatre utilis\u00e9 qu'\u00e0 des fins \u00e9ditoriales. Toute autre utilisation de notre contenu, y compris, mais sans s'y limiter, l'utilisation \u00e0 des fins personnelles ou commerciales, est strictement interdite. Si vous avez des questions concernant l'utilisation, n'h\u00e9sitez pas \u00e0 nous contacter.\n<\/div><div class=\"bde-button-3118-126 bde-button\">\n    \n                                    \n    \n    \n    \n    \n            \n                    \n            \n            \n\n    \n    \n    \n    \n    \n    <a class=\"breakdance-link button-atom button-atom--primary bde-button__button\" href=\"https:\/\/pixelfarmingrobotics.com\/fr\/contact\/\" target=\"_self\" data-type=\"url\"  >\n\n    \n        <span class=\"button-atom__text\">Contact<\/span>\n\n        \n        \n                <\/a>\n\n    \n\n\n<\/div>\n<\/div>\n<\/div><div class=\"bde-div-3118-129 bde-div\">\n  \n  \n\t\n\n\n\n<h3 class=\"bde-heading-3118-108 bde-heading\">\nPhotos\n<\/h3><div class=\"bde-div-3118-109 bde-div\">\n  \n  \n\t\n\n\n\n<div class=\"bde-gallery-3118-124 bde-gallery\">\n\n\n  \n\n\n\n\n\n\n\n\n\n\n<div class=\"ee-gallery ee-gallery--default ee-gallery--grid ee-gallery--single ee-gallery--lightbox ee-gallery-- ee-gallery--caption- ee-gallery--caption-none ee-gallery--ratio\">\n                  \n      <a class=\"ee-gallery-item ee-gallery-item--image ee-gallery-item--single\" href=\"https:\/\/pixelfarmingrobotics.com\/wp-content\/uploads\/2025\/02\/Robot-One-24-Image.jpg\"  data-sub-html=\"<span><\/span>\" data-category=\"1\"                  data-lg-size=\"1920-1080\"\n\n      >\n        <figure class=\"ee-gallery-item-figure\">\n                        <img decoding=\"async\" class=\"breakdance-image-object\" src=\"https:\/\/pixelfarmingrobotics.com\/wp-content\/uploads\/2025\/02\/Robot-One-24-Image.jpg\" width=\"1920\" height=\"1080\" srcset=\"https:\/\/pixelfarmingrobotics.com\/wp-content\/uploads\/2025\/02\/Robot-One-24-Image.jpg 1920w, https:\/\/pixelfarmingrobotics.com\/wp-content\/uploads\/2025\/02\/Robot-One-24-Image-300x169.jpg 300w, https:\/\/pixelfarmingrobotics.com\/wp-content\/uploads\/2025\/02\/Robot-One-24-Image-1024x576.jpg 1024w, https:\/\/pixelfarmingrobotics.com\/wp-content\/uploads\/2025\/02\/Robot-One-24-Image-768x432.jpg 768w, https:\/\/pixelfarmingrobotics.com\/wp-content\/uploads\/2025\/02\/Robot-One-24-Image-1536x864.jpg 1536w\" sizes=\"auto, (max-width: 1920px) 100vw, 1920px\" loading=\"lazy\">\n          \n                  <\/figure>\n      <\/a>\n\n                \n      <a class=\"ee-gallery-item ee-gallery-item--image ee-gallery-item--single\" href=\"https:\/\/pixelfarmingrobotics.com\/wp-content\/uploads\/2025\/02\/Robot-One-5.20.jpg\"  data-sub-html=\"<span><\/span>\" data-category=\"1\"                  data-lg-size=\"1920-1080\"\n\n      >\n        <figure class=\"ee-gallery-item-figure\">\n                        <img decoding=\"async\" class=\"breakdance-image-object\" src=\"https:\/\/pixelfarmingrobotics.com\/wp-content\/uploads\/2025\/02\/Robot-One-5.20.jpg\" width=\"1920\" height=\"1080\" srcset=\"https:\/\/pixelfarmingrobotics.com\/wp-content\/uploads\/2025\/02\/Robot-One-5.20.jpg 1920w, https:\/\/pixelfarmingrobotics.com\/wp-content\/uploads\/2025\/02\/Robot-One-5.20-300x169.jpg 300w, https:\/\/pixelfarmingrobotics.com\/wp-content\/uploads\/2025\/02\/Robot-One-5.20-1024x576.jpg 1024w, https:\/\/pixelfarmingrobotics.com\/wp-content\/uploads\/2025\/02\/Robot-One-5.20-768x432.jpg 768w, https:\/\/pixelfarmingrobotics.com\/wp-content\/uploads\/2025\/02\/Robot-One-5.20-1536x864.jpg 1536w\" sizes=\"auto, (max-width: 1920px) 100vw, 1920px\" loading=\"lazy\">\n          \n                  <\/figure>\n      <\/a>\n\n                \n      <a class=\"ee-gallery-item ee-gallery-item--image ee-gallery-item--single\" href=\"https:\/\/pixelfarmingrobotics.com\/wp-content\/uploads\/2025\/02\/Onboaring-in-Tulips.jpg\"  data-sub-html=\"<span><\/span>\" data-category=\"1\"                  data-lg-size=\"1920-1080\"\n\n      >\n        <figure class=\"ee-gallery-item-figure\">\n                        <img decoding=\"async\" class=\"breakdance-image-object\" src=\"https:\/\/pixelfarmingrobotics.com\/wp-content\/uploads\/2025\/02\/Onboaring-in-Tulips.jpg\" width=\"1920\" height=\"1080\" srcset=\"https:\/\/pixelfarmingrobotics.com\/wp-content\/uploads\/2025\/02\/Onboaring-in-Tulips.jpg 1920w, https:\/\/pixelfarmingrobotics.com\/wp-content\/uploads\/2025\/02\/Onboaring-in-Tulips-300x169.jpg 300w, https:\/\/pixelfarmingrobotics.com\/wp-content\/uploads\/2025\/02\/Onboaring-in-Tulips-1024x576.jpg 1024w, https:\/\/pixelfarmingrobotics.com\/wp-content\/uploads\/2025\/02\/Onboaring-in-Tulips-768x432.jpg 768w, https:\/\/pixelfarmingrobotics.com\/wp-content\/uploads\/2025\/02\/Onboaring-in-Tulips-1536x864.jpg 1536w\" sizes=\"auto, (max-width: 1920px) 100vw, 1920px\" loading=\"lazy\">\n          \n                  <\/figure>\n      <\/a>\n\n                \n      <a class=\"ee-gallery-item ee-gallery-item--image ee-gallery-item--single\" href=\"https:\/\/pixelfarmingrobotics.com\/wp-content\/uploads\/2025\/02\/Laser-Effect.jpg\"  data-sub-html=\"<span><\/span>\" data-category=\"1\"                  data-lg-size=\"1920-1080\"\n\n      >\n        <figure class=\"ee-gallery-item-figure\">\n                        <img decoding=\"async\" class=\"breakdance-image-object\" src=\"https:\/\/pixelfarmingrobotics.com\/wp-content\/uploads\/2025\/02\/Laser-Effect.jpg\" width=\"1920\" height=\"1080\" srcset=\"https:\/\/pixelfarmingrobotics.com\/wp-content\/uploads\/2025\/02\/Laser-Effect.jpg 1920w, https:\/\/pixelfarmingrobotics.com\/wp-content\/uploads\/2025\/02\/Laser-Effect-300x169.jpg 300w, https:\/\/pixelfarmingrobotics.com\/wp-content\/uploads\/2025\/02\/Laser-Effect-1024x576.jpg 1024w, https:\/\/pixelfarmingrobotics.com\/wp-content\/uploads\/2025\/02\/Laser-Effect-768x432.jpg 768w, https:\/\/pixelfarmingrobotics.com\/wp-content\/uploads\/2025\/02\/Laser-Effect-1536x864.jpg 1536w\" sizes=\"auto, (max-width: 1920px) 100vw, 1920px\" loading=\"lazy\">\n          \n                  <\/figure>\n      <\/a>\n\n                \n      <a class=\"ee-gallery-item ee-gallery-item--image ee-gallery-item--single\" href=\"https:\/\/pixelfarmingrobotics.com\/wp-content\/uploads\/2025\/02\/RO24-APG1-Front.jpg\"  data-sub-html=\"<span><\/span>\" data-category=\"1\"                  data-lg-size=\"1920-1080\"\n\n      >\n        <figure class=\"ee-gallery-item-figure\">\n                        <img decoding=\"async\" class=\"breakdance-image-object\" src=\"https:\/\/pixelfarmingrobotics.com\/wp-content\/uploads\/2025\/02\/RO24-APG1-Front.jpg\" width=\"1920\" height=\"1080\" srcset=\"https:\/\/pixelfarmingrobotics.com\/wp-content\/uploads\/2025\/02\/RO24-APG1-Front.jpg 1920w, https:\/\/pixelfarmingrobotics.com\/wp-content\/uploads\/2025\/02\/RO24-APG1-Front-300x169.jpg 300w, https:\/\/pixelfarmingrobotics.com\/wp-content\/uploads\/2025\/02\/RO24-APG1-Front-1024x576.jpg 1024w, https:\/\/pixelfarmingrobotics.com\/wp-content\/uploads\/2025\/02\/RO24-APG1-Front-768x432.jpg 768w, https:\/\/pixelfarmingrobotics.com\/wp-content\/uploads\/2025\/02\/RO24-APG1-Front-1536x864.jpg 1536w\" sizes=\"auto, (max-width: 1920px) 100vw, 1920px\" loading=\"lazy\">\n          \n                  <\/figure>\n      <\/a>\n\n                \n      <a class=\"ee-gallery-item ee-gallery-item--image ee-gallery-item--single\" href=\"https:\/\/pixelfarmingrobotics.com\/wp-content\/uploads\/2025\/02\/KEV_PFR_SpanjeRO-11.jpg\"  data-sub-html=\"<span><\/span>\" data-category=\"1\"                  data-lg-size=\"1920-1280\"\n\n      >\n        <figure class=\"ee-gallery-item-figure\">\n                        <img decoding=\"async\" class=\"breakdance-image-object\" src=\"https:\/\/pixelfarmingrobotics.com\/wp-content\/uploads\/2025\/02\/KEV_PFR_SpanjeRO-11.jpg\" width=\"1920\" height=\"1280\" srcset=\"https:\/\/pixelfarmingrobotics.com\/wp-content\/uploads\/2025\/02\/KEV_PFR_SpanjeRO-11.jpg 1920w, https:\/\/pixelfarmingrobotics.com\/wp-content\/uploads\/2025\/02\/KEV_PFR_SpanjeRO-11-300x200.jpg 300w, https:\/\/pixelfarmingrobotics.com\/wp-content\/uploads\/2025\/02\/KEV_PFR_SpanjeRO-11-1024x683.jpg 1024w, https:\/\/pixelfarmingrobotics.com\/wp-content\/uploads\/2025\/02\/KEV_PFR_SpanjeRO-11-768x512.jpg 768w, https:\/\/pixelfarmingrobotics.com\/wp-content\/uploads\/2025\/02\/KEV_PFR_SpanjeRO-11-1536x1024.jpg 1536w\" sizes=\"auto, (max-width: 1920px) 100vw, 1920px\" loading=\"lazy\">\n          \n                  <\/figure>\n      <\/a>\n\n      \n  <\/div>\n\n\n\n<\/div>\n<\/div>\n<\/div><\/div>\n<\/section><section class=\"bde-section-3118-136 bde-section\">\n  \n  \n\t\n\n\n\n<div class=\"section-container\"><div class=\"bde-div-3118-137 bde-div\">\n  \n  \n\t\n\n\n\n\n<\/div><div class=\"bde-div-3118-141 bde-div\">\n  \n  \n\t\n\n\n\n<h3 class=\"bde-heading-3118-145 bde-heading\">\nLogo's\n<\/h3><div class=\"bde-div-3118-146 bde-div galcontainer\">\n  \n  \n\t\n\n\n\n<div class=\"bde-gallery-3118-147 bde-gallery gallery-contain\">\n\n\n  \n\n\n\n\n\n\n\n\n\n\n<div class=\"ee-gallery ee-gallery--default ee-gallery--grid ee-gallery--single ee-gallery--lightbox ee-gallery-- ee-gallery--caption- ee-gallery--caption-none ee-gallery--ratio\">\n                  \n      <a class=\"ee-gallery-item ee-gallery-item--image ee-gallery-item--single\" href=\"https:\/\/pixelfarmingrobotics.com\/wp-content\/uploads\/2025\/02\/PFR_LogoStacked_White.png\"  data-sub-html=\"<span><\/span>\" data-category=\"1\"                  data-lg-size=\"1920-929\"\n\n      >\n        <figure class=\"ee-gallery-item-figure\">\n                        <img decoding=\"async\" class=\"breakdance-image-object\" src=\"https:\/\/pixelfarmingrobotics.com\/wp-content\/uploads\/2025\/02\/PFR_LogoStacked_White.png\" width=\"1920\" height=\"929\" srcset=\"https:\/\/pixelfarmingrobotics.com\/wp-content\/uploads\/2025\/02\/PFR_LogoStacked_White.png 1920w, https:\/\/pixelfarmingrobotics.com\/wp-content\/uploads\/2025\/02\/PFR_LogoStacked_White-300x145.png 300w, https:\/\/pixelfarmingrobotics.com\/wp-content\/uploads\/2025\/02\/PFR_LogoStacked_White-1024x495.png 1024w, https:\/\/pixelfarmingrobotics.com\/wp-content\/uploads\/2025\/02\/PFR_LogoStacked_White-768x372.png 768w, https:\/\/pixelfarmingrobotics.com\/wp-content\/uploads\/2025\/02\/PFR_LogoStacked_White-1536x743.png 1536w\" sizes=\"auto, (max-width: 1920px) 100vw, 1920px\" loading=\"lazy\">\n          \n                  <\/figure>\n      <\/a>\n\n                \n      <a class=\"ee-gallery-item ee-gallery-item--image ee-gallery-item--single\" href=\"https:\/\/pixelfarmingrobotics.com\/wp-content\/uploads\/2025\/02\/PFR_Icon_White.png\"  data-sub-html=\"<span><\/span>\" data-category=\"1\"                  data-lg-size=\"354-522\"\n\n      >\n        <figure class=\"ee-gallery-item-figure\">\n                        <img decoding=\"async\" class=\"breakdance-image-object\" src=\"https:\/\/pixelfarmingrobotics.com\/wp-content\/uploads\/2025\/02\/PFR_Icon_White.png\" width=\"354\" height=\"522\" srcset=\"https:\/\/pixelfarmingrobotics.com\/wp-content\/uploads\/2025\/02\/PFR_Icon_White.png 354w, https:\/\/pixelfarmingrobotics.com\/wp-content\/uploads\/2025\/02\/PFR_Icon_White-203x300.png 203w\" sizes=\"auto, (max-width: 354px) 100vw, 354px\" loading=\"lazy\">\n          \n                  <\/figure>\n      <\/a>\n\n                \n      <a class=\"ee-gallery-item ee-gallery-item--image ee-gallery-item--single\" href=\"https:\/\/pixelfarmingrobotics.com\/wp-content\/uploads\/2025\/02\/PFR_Logo_White.png\"  data-sub-html=\"<span><\/span>\" data-category=\"1\"                  data-lg-size=\"1920-235\"\n\n      >\n        <figure class=\"ee-gallery-item-figure\">\n                        <img decoding=\"async\" class=\"breakdance-image-object\" src=\"https:\/\/pixelfarmingrobotics.com\/wp-content\/uploads\/2025\/02\/PFR_Logo_White.png\" width=\"1920\" height=\"235\" srcset=\"https:\/\/pixelfarmingrobotics.com\/wp-content\/uploads\/2025\/02\/PFR_Logo_White.png 1920w, https:\/\/pixelfarmingrobotics.com\/wp-content\/uploads\/2025\/02\/PFR_Logo_White-300x37.png 300w, https:\/\/pixelfarmingrobotics.com\/wp-content\/uploads\/2025\/02\/PFR_Logo_White-1024x125.png 1024w, https:\/\/pixelfarmingrobotics.com\/wp-content\/uploads\/2025\/02\/PFR_Logo_White-768x94.png 768w, https:\/\/pixelfarmingrobotics.com\/wp-content\/uploads\/2025\/02\/PFR_Logo_White-1536x188.png 1536w\" sizes=\"auto, (max-width: 1920px) 100vw, 1920px\" loading=\"lazy\">\n          \n                  <\/figure>\n      <\/a>\n\n                \n      <a class=\"ee-gallery-item ee-gallery-item--image ee-gallery-item--single\" href=\"https:\/\/pixelfarmingrobotics.com\/wp-content\/uploads\/2025\/02\/PFR_LogoStacked_Black.png\"  data-sub-html=\"<span><\/span>\" data-category=\"1\"                  data-lg-size=\"1920-929\"\n\n      >\n        <figure class=\"ee-gallery-item-figure\">\n                        <img decoding=\"async\" class=\"breakdance-image-object\" src=\"https:\/\/pixelfarmingrobotics.com\/wp-content\/uploads\/2025\/02\/PFR_LogoStacked_Black.png\" width=\"1920\" height=\"929\" srcset=\"https:\/\/pixelfarmingrobotics.com\/wp-content\/uploads\/2025\/02\/PFR_LogoStacked_Black.png 1920w, https:\/\/pixelfarmingrobotics.com\/wp-content\/uploads\/2025\/02\/PFR_LogoStacked_Black-300x145.png 300w, https:\/\/pixelfarmingrobotics.com\/wp-content\/uploads\/2025\/02\/PFR_LogoStacked_Black-1024x495.png 1024w, https:\/\/pixelfarmingrobotics.com\/wp-content\/uploads\/2025\/02\/PFR_LogoStacked_Black-768x372.png 768w, https:\/\/pixelfarmingrobotics.com\/wp-content\/uploads\/2025\/02\/PFR_LogoStacked_Black-1536x743.png 1536w\" sizes=\"auto, (max-width: 1920px) 100vw, 1920px\" loading=\"lazy\">\n          \n                  <\/figure>\n      <\/a>\n\n                \n      <a class=\"ee-gallery-item ee-gallery-item--image ee-gallery-item--single\" href=\"https:\/\/pixelfarmingrobotics.com\/wp-content\/uploads\/2025\/02\/PFR_Icon_Black.png\"  data-sub-html=\"<span><\/span>\" data-category=\"1\"                  data-lg-size=\"354-522\"\n\n      >\n        <figure class=\"ee-gallery-item-figure\">\n                        <img decoding=\"async\" class=\"breakdance-image-object\" src=\"https:\/\/pixelfarmingrobotics.com\/wp-content\/uploads\/2025\/02\/PFR_Icon_Black.png\" width=\"354\" height=\"522\" srcset=\"https:\/\/pixelfarmingrobotics.com\/wp-content\/uploads\/2025\/02\/PFR_Icon_Black.png 354w, https:\/\/pixelfarmingrobotics.com\/wp-content\/uploads\/2025\/02\/PFR_Icon_Black-203x300.png 203w\" sizes=\"auto, (max-width: 354px) 100vw, 354px\" loading=\"lazy\">\n          \n                  <\/figure>\n      <\/a>\n\n                \n      <a class=\"ee-gallery-item ee-gallery-item--image ee-gallery-item--single\" href=\"https:\/\/pixelfarmingrobotics.com\/wp-content\/uploads\/2025\/02\/PFR_Logo_Black.png\"  data-sub-html=\"<span><\/span>\" data-category=\"1\"                  data-lg-size=\"1920-235\"\n\n      >\n        <figure class=\"ee-gallery-item-figure\">\n                        <img decoding=\"async\" class=\"breakdance-image-object\" src=\"https:\/\/pixelfarmingrobotics.com\/wp-content\/uploads\/2025\/02\/PFR_Logo_Black.png\" width=\"1920\" height=\"235\" srcset=\"https:\/\/pixelfarmingrobotics.com\/wp-content\/uploads\/2025\/02\/PFR_Logo_Black.png 1920w, https:\/\/pixelfarmingrobotics.com\/wp-content\/uploads\/2025\/02\/PFR_Logo_Black-300x37.png 300w, https:\/\/pixelfarmingrobotics.com\/wp-content\/uploads\/2025\/02\/PFR_Logo_Black-1024x125.png 1024w, https:\/\/pixelfarmingrobotics.com\/wp-content\/uploads\/2025\/02\/PFR_Logo_Black-768x94.png 768w, https:\/\/pixelfarmingrobotics.com\/wp-content\/uploads\/2025\/02\/PFR_Logo_Black-1536x188.png 1536w\" sizes=\"auto, (max-width: 1920px) 100vw, 1920px\" loading=\"lazy\">\n          \n                  <\/figure>\n      <\/a>\n\n      \n  <\/div>\n\n\n\n<\/div>\n<\/div>\n<\/div><\/div>\n<\/section>","protected":false},"excerpt":{"rendered":"<p>Download our Presskit Download assets Download a single image or click the button underneath to download the full package. Download Package Content usage All content downloaded from our site may be used for editorial purposes only. Any other use of our content including, without limitation personal or commercial use, is strictly prohibited. If you have [&hellip;]<\/p>\n","protected":false},"author":2,"featured_media":0,"parent":0,"menu_order":0,"comment_status":"closed","ping_status":"closed","template":"","meta":{"_acf_changed":false,"_breakdance_hide_in_design_set":false,"_breakdance_tags":"","footnotes":""},"class_list":["post-3118","page","type-page","status-publish","hentry"],"acf":[],"yoast_head":"<!-- This site is optimized with the Yoast SEO plugin v27.3 - https:\/\/yoast.com\/product\/yoast-seo-wordpress\/ -->\n<title>Presskit | Pixelfarming Robotics<\/title>\n<meta name=\"description\" content=\"Presskit for Pixelfarming Robotics. This kit contains assets that can be used for editorial purposes only.\" \/>\n<meta name=\"robots\" content=\"index, follow, max-snippet:-1, max-image-preview:large, max-video-preview:-1\" \/>\n<link rel=\"canonical\" href=\"https:\/\/pixelfarmingrobotics.com\/fr\/dossier-de-presse\/\" \/>\n<meta property=\"og:locale\" content=\"fr_FR\" \/>\n<meta property=\"og:type\" content=\"article\" \/>\n<meta property=\"og:title\" content=\"Presskit | Pixelfarming Robotics\" \/>\n<meta property=\"og:description\" content=\"Presskit for Pixelfarming Robotics. This kit contains assets that can be used for editorial purposes only.\" \/>\n<meta property=\"og:url\" content=\"https:\/\/pixelfarmingrobotics.com\/fr\/dossier-de-presse\/\" \/>\n<meta property=\"og:site_name\" content=\"Pixelfarming Robotics\" \/>\n<meta property=\"article:modified_time\" content=\"2025-11-07T16:35:49+00:00\" \/>\n<meta property=\"og:image\" content=\"https:\/\/pixelfarmingrobotics.com\/wp-content\/uploads\/2025\/02\/Robot-One-24-Image.jpg\" \/>\n\t<meta property=\"og:image:width\" content=\"1920\" \/>\n\t<meta property=\"og:image:height\" content=\"1080\" \/>\n\t<meta property=\"og:image:type\" content=\"image\/jpeg\" \/>\n<meta name=\"twitter:card\" content=\"summary_large_image\" \/>\n<meta name=\"twitter:label1\" content=\"Dur\u00e9e de lecture estim\u00e9e\" \/>\n\t<meta name=\"twitter:data1\" content=\"3 minutes\" \/>\n<script type=\"application\/ld+json\" class=\"yoast-schema-graph\">{\"@context\":\"https:\\\/\\\/schema.org\",\"@graph\":[{\"@type\":\"WebPage\",\"@id\":\"https:\\\/\\\/pixelfarmingrobotics.com\\\/presskit\\\/\",\"url\":\"https:\\\/\\\/pixelfarmingrobotics.com\\\/presskit\\\/\",\"name\":\"Presskit | Pixelfarming Robotics\",\"isPartOf\":{\"@id\":\"https:\\\/\\\/pixelfarmingrobotics.com\\\/#website\"},\"datePublished\":\"2025-02-20T14:07:15+00:00\",\"dateModified\":\"2025-11-07T16:35:49+00:00\",\"description\":\"Presskit for Pixelfarming Robotics. This kit contains assets that can be used for editorial purposes only.\",\"breadcrumb\":{\"@id\":\"https:\\\/\\\/pixelfarmingrobotics.com\\\/presskit\\\/#breadcrumb\"},\"inLanguage\":\"fr-FR\",\"potentialAction\":[{\"@type\":\"ReadAction\",\"target\":[\"https:\\\/\\\/pixelfarmingrobotics.com\\\/presskit\\\/\"]}]},{\"@type\":\"BreadcrumbList\",\"@id\":\"https:\\\/\\\/pixelfarmingrobotics.com\\\/presskit\\\/#breadcrumb\",\"itemListElement\":[{\"@type\":\"ListItem\",\"position\":1,\"name\":\"Home\",\"item\":\"https:\\\/\\\/pixelfarmingrobotics.com\\\/\"},{\"@type\":\"ListItem\",\"position\":2,\"name\":\"Presskit\"}]},{\"@type\":\"WebSite\",\"@id\":\"https:\\\/\\\/pixelfarmingrobotics.com\\\/#website\",\"url\":\"https:\\\/\\\/pixelfarmingrobotics.com\\\/\",\"name\":\"Pixelfarming Robotics\",\"description\":\"We create Robots for Future Farmers\",\"publisher\":{\"@id\":\"https:\\\/\\\/pixelfarmingrobotics.com\\\/#organization\"},\"alternateName\":\"PFR\",\"potentialAction\":[{\"@type\":\"SearchAction\",\"target\":{\"@type\":\"EntryPoint\",\"urlTemplate\":\"https:\\\/\\\/pixelfarmingrobotics.com\\\/?s={search_term_string}\"},\"query-input\":{\"@type\":\"PropertyValueSpecification\",\"valueRequired\":true,\"valueName\":\"search_term_string\"}}],\"inLanguage\":\"fr-FR\"},{\"@type\":\"Organization\",\"@id\":\"https:\\\/\\\/pixelfarmingrobotics.com\\\/#organization\",\"name\":\"Pixelfarming Robotics\",\"url\":\"https:\\\/\\\/pixelfarmingrobotics.com\\\/\",\"logo\":{\"@type\":\"ImageObject\",\"inLanguage\":\"fr-FR\",\"@id\":\"https:\\\/\\\/pixelfarmingrobotics.com\\\/#\\\/schema\\\/logo\\\/image\\\/\",\"url\":\"https:\\\/\\\/pixelfarmingrobotics.com\\\/wp-content\\\/uploads\\\/2024\\\/11\\\/PFR_Logo_Black@2x.png\",\"contentUrl\":\"https:\\\/\\\/pixelfarmingrobotics.com\\\/wp-content\\\/uploads\\\/2024\\\/11\\\/PFR_Logo_Black@2x.png\",\"width\":4266,\"height\":522,\"caption\":\"Pixelfarming Robotics\"},\"image\":{\"@id\":\"https:\\\/\\\/pixelfarmingrobotics.com\\\/#\\\/schema\\\/logo\\\/image\\\/\"},\"sameAs\":[\"https:\\\/\\\/www.linkedin.com\\\/company\\\/pixelfarmingrobotics\\\/\",\"https:\\\/\\\/www.youtube.com\\\/@PixelfarmingRobotics\"]}]}<\/script>\n<!-- \/ Yoast SEO plugin. -->","yoast_head_json":{"title":"Dossier de presse | Pixelfarming Robotics","description":"Kit de presse pour Pixelfarming Robotics. Ce kit contient des \u00e9l\u00e9ments qui peuvent \u00eatre utilis\u00e9s \u00e0 des fins \u00e9ditoriales uniquement.","robots":{"index":"index","follow":"follow","max-snippet":"max-snippet:-1","max-image-preview":"max-image-preview:large","max-video-preview":"max-video-preview:-1"},"canonical":"https:\/\/pixelfarmingrobotics.com\/fr\/dossier-de-presse\/","og_locale":"fr_FR","og_type":"article","og_title":"Presskit | Pixelfarming Robotics","og_description":"Presskit for Pixelfarming Robotics. This kit contains assets that can be used for editorial purposes only.","og_url":"https:\/\/pixelfarmingrobotics.com\/fr\/dossier-de-presse\/","og_site_name":"Pixelfarming Robotics","article_modified_time":"2025-11-07T16:35:49+00:00","og_image":[{"width":1920,"height":1080,"url":"https:\/\/pixelfarmingrobotics.com\/wp-content\/uploads\/2025\/02\/Robot-One-24-Image.jpg","type":"image\/jpeg"}],"twitter_card":"summary_large_image","twitter_misc":{"Dur\u00e9e de lecture estim\u00e9e":"3 minutes"},"schema":{"@context":"https:\/\/schema.org","@graph":[{"@type":"WebPage","@id":"https:\/\/pixelfarmingrobotics.com\/presskit\/","url":"https:\/\/pixelfarmingrobotics.com\/presskit\/","name":"Dossier de presse | Pixelfarming Robotics","isPartOf":{"@id":"https:\/\/pixelfarmingrobotics.com\/#website"},"datePublished":"2025-02-20T14:07:15+00:00","dateModified":"2025-11-07T16:35:49+00:00","description":"Kit de presse pour Pixelfarming Robotics. Ce kit contient des \u00e9l\u00e9ments qui peuvent \u00eatre utilis\u00e9s \u00e0 des fins \u00e9ditoriales uniquement.","breadcrumb":{"@id":"https:\/\/pixelfarmingrobotics.com\/presskit\/#breadcrumb"},"inLanguage":"fr-FR","potentialAction":[{"@type":"ReadAction","target":["https:\/\/pixelfarmingrobotics.com\/presskit\/"]}]},{"@type":"BreadcrumbList","@id":"https:\/\/pixelfarmingrobotics.com\/presskit\/#breadcrumb","itemListElement":[{"@type":"ListItem","position":1,"name":"Home","item":"https:\/\/pixelfarmingrobotics.com\/"},{"@type":"ListItem","position":2,"name":"Presskit"}]},{"@type":"WebSite","@id":"https:\/\/pixelfarmingrobotics.com\/#website","url":"https:\/\/pixelfarmingrobotics.com\/","name":"Pixelfarming Robotics","description":"Nous cr\u00e9ons des robots pour les futurs agriculteurs","publisher":{"@id":"https:\/\/pixelfarmingrobotics.com\/#organization"},"alternateName":"PFR","potentialAction":[{"@type":"SearchAction","target":{"@type":"EntryPoint","urlTemplate":"https:\/\/pixelfarmingrobotics.com\/?s={search_term_string}"},"query-input":{"@type":"PropertyValueSpecification","valueRequired":true,"valueName":"search_term_string"}}],"inLanguage":"fr-FR"},{"@type":"Organization","@id":"https:\/\/pixelfarmingrobotics.com\/#organization","name":"Pixelfarming Robotics","url":"https:\/\/pixelfarmingrobotics.com\/","logo":{"@type":"ImageObject","inLanguage":"fr-FR","@id":"https:\/\/pixelfarmingrobotics.com\/#\/schema\/logo\/image\/","url":"https:\/\/pixelfarmingrobotics.com\/wp-content\/uploads\/2024\/11\/PFR_Logo_Black@2x.png","contentUrl":"https:\/\/pixelfarmingrobotics.com\/wp-content\/uploads\/2024\/11\/PFR_Logo_Black@2x.png","width":4266,"height":522,"caption":"Pixelfarming Robotics"},"image":{"@id":"https:\/\/pixelfarmingrobotics.com\/#\/schema\/logo\/image\/"},"sameAs":["https:\/\/www.linkedin.com\/company\/pixelfarmingrobotics\/","https:\/\/www.youtube.com\/@PixelfarmingRobotics"]}]}},"_links":{"self":[{"href":"https:\/\/pixelfarmingrobotics.com\/fr\/wp-json\/wp\/v2\/pages\/3118","targetHints":{"allow":["GET"]}}],"collection":[{"href":"https:\/\/pixelfarmingrobotics.com\/fr\/wp-json\/wp\/v2\/pages"}],"about":[{"href":"https:\/\/pixelfarmingrobotics.com\/fr\/wp-json\/wp\/v2\/types\/page"}],"author":[{"embeddable":true,"href":"https:\/\/pixelfarmingrobotics.com\/fr\/wp-json\/wp\/v2\/users\/2"}],"replies":[{"embeddable":true,"href":"https:\/\/pixelfarmingrobotics.com\/fr\/wp-json\/wp\/v2\/comments?post=3118"}],"version-history":[{"count":45,"href":"https:\/\/pixelfarmingrobotics.com\/fr\/wp-json\/wp\/v2\/pages\/3118\/revisions"}],"predecessor-version":[{"id":3223,"href":"https:\/\/pixelfarmingrobotics.com\/fr\/wp-json\/wp\/v2\/pages\/3118\/revisions\/3223"}],"wp:attachment":[{"href":"https:\/\/pixelfarmingrobotics.com\/fr\/wp-json\/wp\/v2\/media?parent=3118"}],"curies":[{"name":"wp","href":"https:\/\/api.w.org\/{rel}","templated":true}]}}