{"id":1344,"date":"2025-01-03T15:46:42","date_gmt":"2025-01-03T15:46:42","guid":{"rendered":"https:\/\/staging.pixelfarmingrobotics.com\/?page_id=1344"},"modified":"2026-02-04T09:53:26","modified_gmt":"2026-02-04T09:53:26","slug":"technologie-laser","status":"publish","type":"page","link":"https:\/\/pixelfarmingrobotics.com\/fr\/laser-technology\/","title":{"rendered":"Technologie Laser"},"content":{"rendered":"<section class=\"bde-section-1344-100 bde-section\">\n              \n  \n  \n\t    \n      <div class=\"section-background-video\">\n              <video\n          autoplay\n muted\n playsinline\n loop\n>\n        <source src=\"https:\/\/pixelfarmingrobotics.com\/wp-content\/uploads\/2025\/02\/Laser-close-up.mp4\" type=\"video\/mp4\" \/>\n      <\/video>\n      <\/div>\n\n\n  <div class=\"section-background-overlay\"><\/div>\n\n\n<div class=\"section-container\"><div class=\"bde-div-1344-107 bde-div\">\n  \n  \n\t\n\n\n\n<div class=\"bde-div-1344-108 bde-div\">\n  \n  \n\t\n\n\n\n<h1 class=\"bde-heading-1344-232 bde-heading\">\nTechnologie Laser\n<\/h1><div class=\"bde-text-1344-117 bde-text\">\nDes r\u00e9ponses \u00e0 toutes vos questions br\u00fblantes\n<\/div><div class=\"bde-button-1344-112 bde-button zoombutton\">\n    \n                        \n                        \n    \n    \n    \n    \n            \n                    \n            \n            \n\n    \n    \n    \n    \n    \n    <a class=\"breakdance-link button-atom button-atom--secondary bde-button__button\" href=\"#laser1\" target=\"_self\" data-type=\"url\"  >\n\n    \n        <span class=\"button-atom__text\">D\u00e9couvrir<\/span>\n\n        \n        \n                <\/a>\n\n    \n\n\n<\/div>\n<\/div>\n<\/div><\/div>\n<\/section><section id=\"laser1\" class=\"bde-section-1344-101 bde-section\">\n  \n  \n\t\n\n\n\n<div class=\"section-container\"><div class=\"bde-div-1344-113 bde-div\">\n  \n  \n\t\n\n\n\n<h3 class=\"bde-heading-1344-233 bde-heading\">\nQu'est-ce qu'une unit\u00e9 laser?\n<\/h3><div class=\"bde-text-1344-111 bde-text\">\nUn laser se compose d'un tube laser CO2, d'un m\u00e9canisme de ciblage, d'un syst\u00e8me de refroidissement et de l'\u00e9lectronique essentielle. Une rang\u00e9e de lasers dans le Robot One est appel\u00e9e un module laser. Le nombre de lasers individuels dans un module peut varier en fonction de la configuration de votre machine.\n<\/div>\n<\/div><div class=\"bde-div-1344-114 bde-div\">\n  \n  \n\t\n\n\n\n<img decoding=\"async\" class=\"bde-image2-1344-115 bde-image2\" src=\"https:\/\/pixelfarmingrobotics.com\/wp-content\/uploads\/2025\/01\/Still-2024-12-04-110006_1.10.2.jpg\" loading=\"lazy\" srcset=\"https:\/\/pixelfarmingrobotics.com\/wp-content\/uploads\/2025\/01\/Still-2024-12-04-110006_1.10.2.jpg 1920w, https:\/\/pixelfarmingrobotics.com\/wp-content\/uploads\/2025\/01\/Still-2024-12-04-110006_1.10.2-300x169.jpg 300w, https:\/\/pixelfarmingrobotics.com\/wp-content\/uploads\/2025\/01\/Still-2024-12-04-110006_1.10.2-1024x576.jpg 1024w, https:\/\/pixelfarmingrobotics.com\/wp-content\/uploads\/2025\/01\/Still-2024-12-04-110006_1.10.2-768x432.jpg 768w, https:\/\/pixelfarmingrobotics.com\/wp-content\/uploads\/2025\/01\/Still-2024-12-04-110006_1.10.2-1536x864.jpg 1536w\" sizes=\"(max-width: 1920px) 100vw, 1920px\">\n<\/div><\/div>\n<\/section><section class=\"bde-section-1344-118 bde-section\">\n  \n  \n\t\n\n\n\n<div class=\"section-container\"><div class=\"bde-div-1344-119 bde-div\">\n  \n  \n\t\n\n\n\n<h3 class=\"bde-heading-1344-234 bde-heading\">\nComment fonctionne un laser ?\n<\/h3><div class=\"bde-text-1344-121 bde-text\">\nUn laser CO\u2082 utilise un m\u00e9lange de gaz charg\u00e9 sous haute tension pour stocker de l\u2019\u00e9nergie. Sous l\u2019effet de la lumi\u00e8re infrarouge, les mol\u00e9cules excitent une r\u00e9action en cha\u00eene lumineuse. La lumi\u00e8re est amplifi\u00e9e entre des miroirs pour cr\u00e9er un faisceau puissant et pr\u00e9cis.\u00a0\n<\/div>\n<\/div><\/div>\n<\/section><section class=\"bde-section-1344-175 bde-section\">\n  \n  \n\t\n\n\n\n<div class=\"section-container\"><div class=\"bde-div-1344-178 bde-div\">\n  \n  \n\t\n\n\n\n<h3 class=\"bde-heading-1344-235 bde-heading\">\nL'effet du laser\n<\/h3><div class=\"bde-text-1344-180 bde-text\">\nLe faisceau laser utilise la lumi\u00e8re produite pour faire bouillir les liquides dans les cellules v\u00e9g\u00e9tales, provoquant leur \u00e9clatement. Cela d\u00e9clenche une r\u00e9action exothermique qui g\u00e9n\u00e8re de la chaleur, \u00e9liminant ainsi efficacement la plante. Les lasers sont les plus efficaces au stade deux feuilles de l\u2019adventice, gr\u00e2ce \u00e0 un \u00e9quilibre optimal entre la consommation d\u2019\u00e9nergie et la capacit\u00e9 de d\u00e9tection.\n<\/div>\n<\/div><\/div>\n<\/section><section class=\"bde-section-1344-193 bde-section\">\n  \n  \n\t\n\n\n\n<div class=\"section-container\"><div class=\"bde-div-1344-194 bde-div\">\n  \n  \n\t\n\n\n\n<h1 class=\"bde-heading-1344-195 bde-heading\">\nLes cons\u00e9quences\n<\/h1><div class=\"bde-text-1344-196 bde-text\">\n\u00c9tapes apr\u00e8s le tir d'un laser\n<\/div>\n<\/div><div class=\"bde-div-1344-197 bde-div\">\n  \n  \n\t\n\n\n\n<div class=\"bde-div-1344-198 bde-div\" data-entrance=\"slideUp\">\n              \n  \n  \n\t\n\n  <div class=\"section-background-overlay\"><\/div>\n\n\n<div class=\"bde-div-1344-199 bde-div\">\n  \n  \n\t\n\n\n\n<h1 class=\"bde-heading-1344-200 bde-heading\">\nAvant le laser\n<\/h1>\n<\/div>\n<\/div><div class=\"bde-div-1344-202 bde-div\" data-entrance=\"slideUp\">\n              \n  \n  \n\t\n\n  <div class=\"section-background-overlay\"><\/div>\n\n\n<div class=\"bde-div-1344-203 bde-div\">\n  \n  \n\t\n\n\n\n<h1 class=\"bde-heading-1344-204 bde-heading\">\nTraitement au laser\n<\/h1>\n<\/div>\n<\/div><div class=\"bde-div-1344-206 bde-div\" data-entrance=\"slideUp\">\n              \n  \n  \n\t\n\n  <div class=\"section-background-overlay\"><\/div>\n\n\n<div class=\"bde-div-1344-207 bde-div\">\n  \n  \n\t\n\n\n\n<h1 class=\"bde-heading-1344-208 bde-heading\">\nJour apr\u00e8s le traitement au laser\n<\/h1>\n<\/div>\n<\/div>\n<\/div><\/div>\n<\/section><section class=\"bde-section-1344-210 bde-section\">\n  \n  \n\t\n\n\n\n<div class=\"section-container\"><div class=\"bde-div-1344-211 bde-div\">\n  \n  \n\t\n\n\n\n<h1 class=\"bde-heading-1344-212 bde-heading\">\nLes cons\u00e9quences\n<\/h1><div class=\"bde-text-1344-213 bde-text\">\n\u00c9tapes apr\u00e8s le tir d'un laser\n<\/div>\n<\/div><div class=\"bde-div-1344-214 bde-div\">\n  \n  \n\t\n\n\n\n<div class=\"bde-div-1344-215 bde-div\" data-entrance=\"slideUp\">\n              \n  \n  \n\t\n\n  <div class=\"section-background-overlay\"><\/div>\n\n\n<div class=\"bde-div-1344-216 bde-div\">\n  \n  \n\t\n\n\n\n<h1 class=\"bde-heading-1344-217 bde-heading\">\nAvant le laser\n<\/h1>\n<\/div>\n<\/div><div class=\"bde-div-1344-218 bde-div\" data-entrance=\"slideUp\">\n              \n  \n  \n\t\n\n  <div class=\"section-background-overlay\"><\/div>\n\n\n<div class=\"bde-div-1344-219 bde-div\">\n  \n  \n\t\n\n\n\n<h1 class=\"bde-heading-1344-220 bde-heading\">\nTraitement au laser\n<\/h1>\n<\/div>\n<\/div><div class=\"bde-div-1344-221 bde-div\" data-entrance=\"slideUp\">\n              \n  \n  \n\t\n\n  <div class=\"section-background-overlay\"><\/div>\n\n\n<div class=\"bde-div-1344-222 bde-div\">\n  \n  \n\t\n\n\n\n<h1 class=\"bde-heading-1344-223 bde-heading\">\nJour apr\u00e8s le traitement au laser\n<\/h1>\n<\/div>\n<\/div>\n<\/div><\/div>\n<\/section><section class=\"bde-section-1344-224 bde-section\">\n  \n  \n\t\n\n\n\n<div class=\"section-container\"><div class=\"bde-div-1344-225 bde-div\">\n  \n  \n\t\n\n\n\n<h3 class=\"bde-heading-1344-226 bde-heading\">\nContactez nos experts\n<\/h3><div class=\"bde-text-1344-228 bde-text\">\nNos experts se feront un plaisir de r\u00e9pondre \u00e0 vos questions.\u00a0\n<\/div><div class=\"bde-button-1344-229 bde-button zoombutton\">\n    \n                        \n                        \n    \n    \n    \n    \n            \n                    \n            \n                           \n                       \n                 \n\n    \n    \n    \n                    \n    \n    <a class=\"breakdance-link button-atom button-atom--secondary bde-button__button\" href=\"#\" target=\"_self\" data-type=\"action\"  data-action='{\"type\":\"popup\",\"popupOptions\":{\"popupId\":\"2533\",\"popupAction\":\"open\"}}' >\n\n    \n        <span class=\"button-atom__text\">Contact<\/span>\n\n        \n        \n                <\/a>\n\n    \n\n\n<\/div>\n<\/div><div class=\"bde-div-1344-230 bde-div\">\n  \n  \n\t\n\n\n\n<img decoding=\"async\" class=\"bde-image2-1344-231 bde-image2\" src=\"https:\/\/pixelfarmingrobotics.com\/wp-content\/uploads\/2025\/10\/KEV_PFR_Denmark180925-5.jpg\" loading=\"lazy\" srcset=\"https:\/\/pixelfarmingrobotics.com\/wp-content\/uploads\/2025\/10\/KEV_PFR_Denmark180925-5.jpg 1920w, https:\/\/pixelfarmingrobotics.com\/wp-content\/uploads\/2025\/10\/KEV_PFR_Denmark180925-5-300x200.jpg 300w, https:\/\/pixelfarmingrobotics.com\/wp-content\/uploads\/2025\/10\/KEV_PFR_Denmark180925-5-1024x683.jpg 1024w, https:\/\/pixelfarmingrobotics.com\/wp-content\/uploads\/2025\/10\/KEV_PFR_Denmark180925-5-768x512.jpg 768w, https:\/\/pixelfarmingrobotics.com\/wp-content\/uploads\/2025\/10\/KEV_PFR_Denmark180925-5-1536x1024.jpg 1536w, https:\/\/pixelfarmingrobotics.com\/wp-content\/uploads\/2025\/10\/KEV_PFR_Denmark180925-5-18x12.jpg 18w\" sizes=\"(max-width: 1920px) 100vw, 1920px\">\n<\/div><\/div>\n<\/section>","protected":false},"excerpt":{"rendered":"<p>Laser Technology Answers to all your burning questions Discover What is a Laser unit? A laser consists of a CO2 laser tube, targeting mechanism, cooling and the essential electronics. A row of lasers within Robot One is called a laser module. The number of single lasers in a module can defer depending on the configuration [&hellip;]<\/p>\n","protected":false},"author":2,"featured_media":0,"parent":0,"menu_order":0,"comment_status":"closed","ping_status":"closed","template":"","meta":{"_acf_changed":false,"_breakdance_hide_in_design_set":false,"_breakdance_tags":"","footnotes":""},"class_list":["post-1344","page","type-page","status-publish","hentry"],"acf":[],"yoast_head":"<!-- This site is optimized with the Yoast SEO plugin v27.3 - https:\/\/yoast.com\/product\/yoast-seo-wordpress\/ -->\n<title>Weeding with Laser Technology | Pixelfarming Robotics<\/title>\n<meta name=\"description\" content=\"Robot One enables farmers to remove weeds with laser technology. Use computervision to detect the weed and remove with high powered laser.\" \/>\n<meta name=\"robots\" content=\"index, follow, max-snippet:-1, max-image-preview:large, max-video-preview:-1\" \/>\n<link rel=\"canonical\" href=\"https:\/\/pixelfarmingrobotics.com\/fr\/technologie-laser\/\" \/>\n<meta property=\"og:locale\" content=\"fr_FR\" \/>\n<meta property=\"og:type\" content=\"article\" \/>\n<meta property=\"og:title\" content=\"Weeding with Laser Technology | Pixelfarming Robotics\" \/>\n<meta property=\"og:description\" content=\"Robot One enables farmers to remove weeds with laser technology. Use computervision to detect the weed and remove with high powered laser.\" \/>\n<meta property=\"og:url\" content=\"https:\/\/pixelfarmingrobotics.com\/fr\/technologie-laser\/\" \/>\n<meta property=\"og:site_name\" content=\"Pixelfarming Robotics\" \/>\n<meta property=\"article:modified_time\" content=\"2026-02-04T09:53:26+00:00\" \/>\n<meta property=\"og:image\" content=\"https:\/\/pixelfarmingrobotics.com\/wp-content\/uploads\/2025\/02\/Robot-One-24-Image.jpg\" \/>\n\t<meta property=\"og:image:width\" content=\"1920\" \/>\n\t<meta property=\"og:image:height\" content=\"1080\" \/>\n\t<meta property=\"og:image:type\" content=\"image\/jpeg\" \/>\n<meta name=\"twitter:card\" content=\"summary_large_image\" \/>\n<meta name=\"twitter:label1\" content=\"Dur\u00e9e de lecture estim\u00e9e\" \/>\n\t<meta name=\"twitter:data1\" content=\"2 minutes\" \/>\n<script type=\"application\/ld+json\" class=\"yoast-schema-graph\">{\"@context\":\"https:\\\/\\\/schema.org\",\"@graph\":[{\"@type\":\"TechArticle\",\"@id\":\"https:\\\/\\\/pixelfarmingrobotics.com\\\/laser-technology\\\/#article\",\"isPartOf\":{\"@id\":\"https:\\\/\\\/pixelfarmingrobotics.com\\\/laser-technology\\\/\"},\"author\":{\"name\":\"Kevin Smits\",\"@id\":\"https:\\\/\\\/pixelfarmingrobotics.com\\\/#\\\/schema\\\/person\\\/539a2d5e8706fb25308a607413194a86\"},\"headline\":\"Laser Technology\",\"datePublished\":\"2025-01-03T15:46:42+00:00\",\"dateModified\":\"2026-02-04T09:53:26+00:00\",\"mainEntityOfPage\":{\"@id\":\"https:\\\/\\\/pixelfarmingrobotics.com\\\/laser-technology\\\/\"},\"wordCount\":2,\"publisher\":{\"@id\":\"https:\\\/\\\/pixelfarmingrobotics.com\\\/#organization\"},\"inLanguage\":\"fr-FR\"},{\"@type\":[\"WebPage\",\"ItemPage\"],\"@id\":\"https:\\\/\\\/pixelfarmingrobotics.com\\\/laser-technology\\\/\",\"url\":\"https:\\\/\\\/pixelfarmingrobotics.com\\\/laser-technology\\\/\",\"name\":\"Weeding with Laser Technology | Pixelfarming Robotics\",\"isPartOf\":{\"@id\":\"https:\\\/\\\/pixelfarmingrobotics.com\\\/#website\"},\"datePublished\":\"2025-01-03T15:46:42+00:00\",\"dateModified\":\"2026-02-04T09:53:26+00:00\",\"description\":\"Robot One enables farmers to remove weeds with laser technology. Use computervision to detect the weed and remove with high powered laser.\",\"breadcrumb\":{\"@id\":\"https:\\\/\\\/pixelfarmingrobotics.com\\\/laser-technology\\\/#breadcrumb\"},\"inLanguage\":\"fr-FR\",\"potentialAction\":[{\"@type\":\"ReadAction\",\"target\":[\"https:\\\/\\\/pixelfarmingrobotics.com\\\/laser-technology\\\/\"]}]},{\"@type\":\"BreadcrumbList\",\"@id\":\"https:\\\/\\\/pixelfarmingrobotics.com\\\/laser-technology\\\/#breadcrumb\",\"itemListElement\":[{\"@type\":\"ListItem\",\"position\":1,\"name\":\"Home\",\"item\":\"https:\\\/\\\/pixelfarmingrobotics.com\\\/\"},{\"@type\":\"ListItem\",\"position\":2,\"name\":\"Laser Technology\"}]},{\"@type\":\"WebSite\",\"@id\":\"https:\\\/\\\/pixelfarmingrobotics.com\\\/#website\",\"url\":\"https:\\\/\\\/pixelfarmingrobotics.com\\\/\",\"name\":\"Pixelfarming Robotics\",\"description\":\"We create Robots for Future Farmers\",\"publisher\":{\"@id\":\"https:\\\/\\\/pixelfarmingrobotics.com\\\/#organization\"},\"alternateName\":\"PFR\",\"potentialAction\":[{\"@type\":\"SearchAction\",\"target\":{\"@type\":\"EntryPoint\",\"urlTemplate\":\"https:\\\/\\\/pixelfarmingrobotics.com\\\/?s={search_term_string}\"},\"query-input\":{\"@type\":\"PropertyValueSpecification\",\"valueRequired\":true,\"valueName\":\"search_term_string\"}}],\"inLanguage\":\"fr-FR\"},{\"@type\":\"Organization\",\"@id\":\"https:\\\/\\\/pixelfarmingrobotics.com\\\/#organization\",\"name\":\"Pixelfarming Robotics\",\"url\":\"https:\\\/\\\/pixelfarmingrobotics.com\\\/\",\"logo\":{\"@type\":\"ImageObject\",\"inLanguage\":\"fr-FR\",\"@id\":\"https:\\\/\\\/pixelfarmingrobotics.com\\\/#\\\/schema\\\/logo\\\/image\\\/\",\"url\":\"https:\\\/\\\/pixelfarmingrobotics.com\\\/wp-content\\\/uploads\\\/2024\\\/11\\\/PFR_Logo_Black@2x.png\",\"contentUrl\":\"https:\\\/\\\/pixelfarmingrobotics.com\\\/wp-content\\\/uploads\\\/2024\\\/11\\\/PFR_Logo_Black@2x.png\",\"width\":4266,\"height\":522,\"caption\":\"Pixelfarming Robotics\"},\"image\":{\"@id\":\"https:\\\/\\\/pixelfarmingrobotics.com\\\/#\\\/schema\\\/logo\\\/image\\\/\"},\"sameAs\":[\"https:\\\/\\\/www.linkedin.com\\\/company\\\/pixelfarmingrobotics\\\/\",\"https:\\\/\\\/www.youtube.com\\\/@PixelfarmingRobotics\"]},{\"@type\":\"Person\",\"@id\":\"https:\\\/\\\/pixelfarmingrobotics.com\\\/#\\\/schema\\\/person\\\/539a2d5e8706fb25308a607413194a86\",\"name\":\"Kevin Smits\",\"image\":{\"@type\":\"ImageObject\",\"inLanguage\":\"fr-FR\",\"@id\":\"https:\\\/\\\/secure.gravatar.com\\\/avatar\\\/5e838877ee87de06eaff63d4d98c343641da1970de7c1ee8b77bea49e677dc52?s=96&d=mm&r=g\",\"url\":\"https:\\\/\\\/secure.gravatar.com\\\/avatar\\\/5e838877ee87de06eaff63d4d98c343641da1970de7c1ee8b77bea49e677dc52?s=96&d=mm&r=g\",\"contentUrl\":\"https:\\\/\\\/secure.gravatar.com\\\/avatar\\\/5e838877ee87de06eaff63d4d98c343641da1970de7c1ee8b77bea49e677dc52?s=96&d=mm&r=g\",\"caption\":\"Kevin Smits\"},\"url\":\"https:\\\/\\\/pixelfarmingrobotics.com\\\/fr\\\/author\\\/kevinpixelfarmingrobotics-com\\\/\"}]}<\/script>\n<!-- \/ Yoast SEO plugin. -->","yoast_head_json":{"title":"D\u00e9sherbage avec la technologie laser | Pixelfarming Robotics","description":"Robot One permet aux agriculteurs d'\u00e9liminer les mauvaises herbes gr\u00e2ce \u00e0 la technologie laser. L'informatique permet de d\u00e9tecter les mauvaises herbes et de les \u00e9liminer \u00e0 l'aide d'un laser haute puissance.","robots":{"index":"index","follow":"follow","max-snippet":"max-snippet:-1","max-image-preview":"max-image-preview:large","max-video-preview":"max-video-preview:-1"},"canonical":"https:\/\/pixelfarmingrobotics.com\/fr\/technologie-laser\/","og_locale":"fr_FR","og_type":"article","og_title":"Weeding with Laser Technology | Pixelfarming Robotics","og_description":"Robot One enables farmers to remove weeds with laser technology. Use computervision to detect the weed and remove with high powered laser.","og_url":"https:\/\/pixelfarmingrobotics.com\/fr\/technologie-laser\/","og_site_name":"Pixelfarming Robotics","article_modified_time":"2026-02-04T09:53:26+00:00","og_image":[{"width":1920,"height":1080,"url":"https:\/\/pixelfarmingrobotics.com\/wp-content\/uploads\/2025\/02\/Robot-One-24-Image.jpg","type":"image\/jpeg"}],"twitter_card":"summary_large_image","twitter_misc":{"Dur\u00e9e de lecture estim\u00e9e":"2 minutes"},"schema":{"@context":"https:\/\/schema.org","@graph":[{"@type":"TechArticle","@id":"https:\/\/pixelfarmingrobotics.com\/laser-technology\/#article","isPartOf":{"@id":"https:\/\/pixelfarmingrobotics.com\/laser-technology\/"},"author":{"name":"Kevin Smits","@id":"https:\/\/pixelfarmingrobotics.com\/#\/schema\/person\/539a2d5e8706fb25308a607413194a86"},"headline":"Laser Technology","datePublished":"2025-01-03T15:46:42+00:00","dateModified":"2026-02-04T09:53:26+00:00","mainEntityOfPage":{"@id":"https:\/\/pixelfarmingrobotics.com\/laser-technology\/"},"wordCount":2,"publisher":{"@id":"https:\/\/pixelfarmingrobotics.com\/#organization"},"inLanguage":"fr-FR"},{"@type":["WebPage","ItemPage"],"@id":"https:\/\/pixelfarmingrobotics.com\/laser-technology\/","url":"https:\/\/pixelfarmingrobotics.com\/laser-technology\/","name":"D\u00e9sherbage avec la technologie laser | Pixelfarming Robotics","isPartOf":{"@id":"https:\/\/pixelfarmingrobotics.com\/#website"},"datePublished":"2025-01-03T15:46:42+00:00","dateModified":"2026-02-04T09:53:26+00:00","description":"Robot One permet aux agriculteurs d'\u00e9liminer les mauvaises herbes gr\u00e2ce \u00e0 la technologie laser. L'informatique permet de d\u00e9tecter les mauvaises herbes et de les \u00e9liminer \u00e0 l'aide d'un laser haute puissance.","breadcrumb":{"@id":"https:\/\/pixelfarmingrobotics.com\/laser-technology\/#breadcrumb"},"inLanguage":"fr-FR","potentialAction":[{"@type":"ReadAction","target":["https:\/\/pixelfarmingrobotics.com\/laser-technology\/"]}]},{"@type":"BreadcrumbList","@id":"https:\/\/pixelfarmingrobotics.com\/laser-technology\/#breadcrumb","itemListElement":[{"@type":"ListItem","position":1,"name":"Home","item":"https:\/\/pixelfarmingrobotics.com\/"},{"@type":"ListItem","position":2,"name":"Laser Technology"}]},{"@type":"WebSite","@id":"https:\/\/pixelfarmingrobotics.com\/#website","url":"https:\/\/pixelfarmingrobotics.com\/","name":"Pixelfarming Robotics","description":"Nous cr\u00e9ons des robots pour les futurs agriculteurs","publisher":{"@id":"https:\/\/pixelfarmingrobotics.com\/#organization"},"alternateName":"PFR","potentialAction":[{"@type":"SearchAction","target":{"@type":"EntryPoint","urlTemplate":"https:\/\/pixelfarmingrobotics.com\/?s={search_term_string}"},"query-input":{"@type":"PropertyValueSpecification","valueRequired":true,"valueName":"search_term_string"}}],"inLanguage":"fr-FR"},{"@type":"Organization","@id":"https:\/\/pixelfarmingrobotics.com\/#organization","name":"Pixelfarming Robotics","url":"https:\/\/pixelfarmingrobotics.com\/","logo":{"@type":"ImageObject","inLanguage":"fr-FR","@id":"https:\/\/pixelfarmingrobotics.com\/#\/schema\/logo\/image\/","url":"https:\/\/pixelfarmingrobotics.com\/wp-content\/uploads\/2024\/11\/PFR_Logo_Black@2x.png","contentUrl":"https:\/\/pixelfarmingrobotics.com\/wp-content\/uploads\/2024\/11\/PFR_Logo_Black@2x.png","width":4266,"height":522,"caption":"Pixelfarming Robotics"},"image":{"@id":"https:\/\/pixelfarmingrobotics.com\/#\/schema\/logo\/image\/"},"sameAs":["https:\/\/www.linkedin.com\/company\/pixelfarmingrobotics\/","https:\/\/www.youtube.com\/@PixelfarmingRobotics"]},{"@type":"Person","@id":"https:\/\/pixelfarmingrobotics.com\/#\/schema\/person\/539a2d5e8706fb25308a607413194a86","name":"Kevin Smits","image":{"@type":"ImageObject","inLanguage":"fr-FR","@id":"https:\/\/secure.gravatar.com\/avatar\/5e838877ee87de06eaff63d4d98c343641da1970de7c1ee8b77bea49e677dc52?s=96&d=mm&r=g","url":"https:\/\/secure.gravatar.com\/avatar\/5e838877ee87de06eaff63d4d98c343641da1970de7c1ee8b77bea49e677dc52?s=96&d=mm&r=g","contentUrl":"https:\/\/secure.gravatar.com\/avatar\/5e838877ee87de06eaff63d4d98c343641da1970de7c1ee8b77bea49e677dc52?s=96&d=mm&r=g","caption":"Kevin Smits"},"url":"https:\/\/pixelfarmingrobotics.com\/fr\/author\/kevinpixelfarmingrobotics-com\/"}]}},"_links":{"self":[{"href":"https:\/\/pixelfarmingrobotics.com\/fr\/wp-json\/wp\/v2\/pages\/1344","targetHints":{"allow":["GET"]}}],"collection":[{"href":"https:\/\/pixelfarmingrobotics.com\/fr\/wp-json\/wp\/v2\/pages"}],"about":[{"href":"https:\/\/pixelfarmingrobotics.com\/fr\/wp-json\/wp\/v2\/types\/page"}],"author":[{"embeddable":true,"href":"https:\/\/pixelfarmingrobotics.com\/fr\/wp-json\/wp\/v2\/users\/2"}],"replies":[{"embeddable":true,"href":"https:\/\/pixelfarmingrobotics.com\/fr\/wp-json\/wp\/v2\/comments?post=1344"}],"version-history":[{"count":39,"href":"https:\/\/pixelfarmingrobotics.com\/fr\/wp-json\/wp\/v2\/pages\/1344\/revisions"}],"predecessor-version":[{"id":4958,"href":"https:\/\/pixelfarmingrobotics.com\/fr\/wp-json\/wp\/v2\/pages\/1344\/revisions\/4958"}],"wp:attachment":[{"href":"https:\/\/pixelfarmingrobotics.com\/fr\/wp-json\/wp\/v2\/media?parent=1344"}],"curies":[{"name":"wp","href":"https:\/\/api.w.org\/{rel}","templated":true}]}}