{"id":4073,"date":"2025-08-25T09:49:30","date_gmt":"2025-08-25T09:49:30","guid":{"rendered":"https:\/\/pixelfarmingrobotics.com\/?page_id=4073"},"modified":"2026-02-04T10:16:10","modified_gmt":"2026-02-04T10:16:10","slug":"robot-one-broschure","status":"publish","type":"page","link":"https:\/\/pixelfarmingrobotics.com\/de\/robot-one-brochure\/","title":{"rendered":"Robot One Brosch\u00fcre"},"content":{"rendered":"<section id=\"robotone1\" class=\"bde-section-4073-100 bde-section\">\n  \n  \n\t\n\n\n\n<div class=\"section-container\"><div class=\"bde-div-4073-101 bde-div\">\n  \n  \n\t\n\n\n\n<h1 class=\"bde-heading-4073-102 bde-heading\">\nDownload the Brochure\n<\/h1><div class=\"bde-text-4073-103 bde-text\">\nFor a deeper dive into Robot One and everything it offers, take a look at our brochure. It covers how the robot works, its key features, and the benefits it brings to your farm.\n<\/div>\n<\/div><\/div>\n<\/section><section class=\"bde-section-4073-106 bde-section\">\n  \n  \n\t\n\n\n\n<div class=\"section-container\"><div class=\"bde-form-builder-4073-105 bde-form-builder\">\n\n<form id=\"brochure-download-brochure-page105\" class=\"breakdance-form breakdance-form--vertical\" data-options=\"{&quot;slug&quot;:&quot;custom&quot;,&quot;name&quot;:&quot;Brochure download brochure page&quot;,&quot;ajaxUrl&quot;:&quot;https:\\\/\\\/pixelfarmingrobotics.com\\\/wp-admin\\\/admin-ajax.php&quot;,&quot;clearOnSuccess&quot;:true,&quot;hideOnSuccess&quot;:true,&quot;successMessage&quot;:&quot;The brochure has been sent to your e-mail&quot;,&quot;errorMessage&quot;:&quot;Something went wrong&quot;,&quot;redirect&quot;:true,&quot;redirectUrl&quot;:&quot;https:\\\/\\\/pixelfarmingrobotics.com\\\/wp-content\\\/uploads\\\/2025\\\/02\\\/Robot-One-Brochure-20250131-Website.pdf&quot;,&quot;customJavaScript&quot;:&quot;&quot;,&quot;recaptcha&quot;:{&quot;key&quot;:&quot;6LfBm78qAAAAAMdalV51oEsNW5SWSCdyFpGK7p1G&quot;,&quot;enabled&quot;:true},&quot;honeypot_enabled&quot;:false,&quot;popupsOnSuccess&quot;:[],&quot;popupsOnError&quot;:[]}\" data-steps=\"0\" >\n  \n  \n  \n<div class=\"breakdance-form-field breakdance-form-field--text\" >\n    \n    \n            <label class=\"breakdance-form-field__label\" for=\"name\">\n            Name<span class=\"breakdance-form-field__required\">*<\/span>\n        <\/label>\n    \n    <input\n    class=\"breakdance-form-field__input\"\n    id=\"name\"\n    aria-describedby=\"name\"\n    type=\"text\"\n    name=\"fields[name]\"\n    placeholder=\"\"\n    value=\"\"\n                \n        \n        \n    required\n    \n    \n    \n>\n\n\n    \n    \n<\/div>\n\n\n<div class=\"breakdance-form-field breakdance-form-field--text\" >\n    \n    \n            <label class=\"breakdance-form-field__label\" for=\"ozfcte\">\n            Organization\n        <\/label>\n    \n    <input\n    class=\"breakdance-form-field__input\"\n    id=\"ozfcte\"\n    aria-describedby=\"ozfcte\"\n    type=\"text\"\n    name=\"fields[ozfcte]\"\n    placeholder=\"\"\n    value=\"\"\n                \n        \n        \n    \n    \n    \n    \n>\n\n\n    \n    \n<\/div>\n\n\n<div class=\"breakdance-form-field breakdance-form-field--email\" >\n    \n    \n            <label class=\"breakdance-form-field__label\" for=\"email\">\n            Email<span class=\"breakdance-form-field__required\">*<\/span>\n        <\/label>\n    \n    <input\n    class=\"breakdance-form-field__input\"\n    id=\"email\"\n    aria-describedby=\"email\"\n    type=\"email\"\n    name=\"fields[email]\"\n    placeholder=\"\"\n    value=\"\"\n                \n        \n        \n    required\n    \n    \n    \n>\n\n\n    \n    \n<\/div>\n\n\n  \n\n<div class=\"breakdance-form-field breakdance-form-footer\">\n    \n    \n                                    \n    \n    \n    \n    \n            \n            <button type=\"submit\" class=\"button-atom button-atom--primary breakdance-form-button breakdance-form-button__submit\"  >\n    \n        <span class=\"button-atom__text\">Download<\/span>\n\n        \n        \n            <\/button>\n    \n    <input type=\"hidden\" name=\"form_id\" value=\"105\">\n    <input type=\"hidden\" name=\"post_id\" value=\"4073\">\n<\/div>\n\n  \n<\/form>\n\n\n<\/div><\/div>\n<\/section>","protected":false},"excerpt":{"rendered":"<p>Brosch\u00fcre herunterladen F\u00fcr einen tieferen Einblick in Robot One und alles, was es bietet, werfen Sie einen Blick auf unsere Brosch\u00fcre. Sie beschreibt, wie der Roboter funktioniert, seine wichtigsten Funktionen und die Vorteile, die er f\u00fcr Ihren landwirtschaftlichen Betrieb bringt. Name* Organisation E-Mail* Herunterladen<\/p>","protected":false},"author":2,"featured_media":0,"parent":0,"menu_order":0,"comment_status":"closed","ping_status":"closed","template":"","meta":{"_acf_changed":false,"_breakdance_hide_in_design_set":false,"_breakdance_tags":"","footnotes":""},"class_list":["post-4073","page","type-page","status-publish","hentry"],"acf":[],"yoast_head":"<!-- This site is optimized with the Yoast SEO plugin v27.3 - https:\/\/yoast.com\/product\/yoast-seo-wordpress\/ -->\n<title>Robot One Brochure | Pixelfarming Robotics<\/title>\n<meta name=\"description\" content=\"The brochure dives into how it makes weeding easier, more sustainable, and a whole lot smarter. Request it now!\" \/>\n<meta name=\"robots\" content=\"index, follow, max-snippet:-1, max-image-preview:large, max-video-preview:-1\" \/>\n<link rel=\"canonical\" href=\"https:\/\/pixelfarmingrobotics.com\/de\/robot-one-broschure\/\" \/>\n<meta property=\"og:locale\" content=\"de_DE\" \/>\n<meta property=\"og:type\" content=\"article\" \/>\n<meta property=\"og:title\" content=\"Robot One Brochure | Pixelfarming Robotics\" \/>\n<meta property=\"og:description\" content=\"The brochure dives into how it makes weeding easier, more sustainable, and a whole lot smarter. Request it now!\" \/>\n<meta property=\"og:url\" content=\"https:\/\/pixelfarmingrobotics.com\/de\/robot-one-broschure\/\" \/>\n<meta property=\"og:site_name\" content=\"Pixelfarming Robotics\" \/>\n<meta property=\"article:modified_time\" content=\"2026-02-04T10:16:10+00:00\" \/>\n<meta property=\"og:image\" content=\"https:\/\/pixelfarmingrobotics.com\/wp-content\/uploads\/2025\/02\/Robot-One-24-Image.jpg\" \/>\n\t<meta property=\"og:image:width\" content=\"1920\" \/>\n\t<meta property=\"og:image:height\" content=\"1080\" \/>\n\t<meta property=\"og:image:type\" content=\"image\/jpeg\" \/>\n<meta name=\"twitter:card\" content=\"summary_large_image\" \/>\n<meta name=\"twitter:label1\" content=\"Gesch\u00e4tzte Lesezeit\" \/>\n\t<meta name=\"twitter:data1\" content=\"1\u00a0Minute\" \/>\n<script type=\"application\/ld+json\" class=\"yoast-schema-graph\">{\"@context\":\"https:\\\/\\\/schema.org\",\"@graph\":[{\"@type\":\"WebPage\",\"@id\":\"https:\\\/\\\/pixelfarmingrobotics.com\\\/robot-one-brochure\\\/\",\"url\":\"https:\\\/\\\/pixelfarmingrobotics.com\\\/robot-one-brochure\\\/\",\"name\":\"Robot One Brochure | Pixelfarming Robotics\",\"isPartOf\":{\"@id\":\"https:\\\/\\\/pixelfarmingrobotics.com\\\/#website\"},\"datePublished\":\"2025-08-25T09:49:30+00:00\",\"dateModified\":\"2026-02-04T10:16:10+00:00\",\"description\":\"The brochure dives into how it makes weeding easier, more sustainable, and a whole lot smarter. Request it now!\",\"breadcrumb\":{\"@id\":\"https:\\\/\\\/pixelfarmingrobotics.com\\\/robot-one-brochure\\\/#breadcrumb\"},\"inLanguage\":\"de\",\"potentialAction\":[{\"@type\":\"ReadAction\",\"target\":[\"https:\\\/\\\/pixelfarmingrobotics.com\\\/robot-one-brochure\\\/\"]}]},{\"@type\":\"BreadcrumbList\",\"@id\":\"https:\\\/\\\/pixelfarmingrobotics.com\\\/robot-one-brochure\\\/#breadcrumb\",\"itemListElement\":[{\"@type\":\"ListItem\",\"position\":1,\"name\":\"Home\",\"item\":\"https:\\\/\\\/pixelfarmingrobotics.com\\\/\"},{\"@type\":\"ListItem\",\"position\":2,\"name\":\"Robot One Brochure\"}]},{\"@type\":\"WebSite\",\"@id\":\"https:\\\/\\\/pixelfarmingrobotics.com\\\/#website\",\"url\":\"https:\\\/\\\/pixelfarmingrobotics.com\\\/\",\"name\":\"Pixelfarming Robotics\",\"description\":\"We create Robots for Future Farmers\",\"publisher\":{\"@id\":\"https:\\\/\\\/pixelfarmingrobotics.com\\\/#organization\"},\"alternateName\":\"PFR\",\"potentialAction\":[{\"@type\":\"SearchAction\",\"target\":{\"@type\":\"EntryPoint\",\"urlTemplate\":\"https:\\\/\\\/pixelfarmingrobotics.com\\\/?s={search_term_string}\"},\"query-input\":{\"@type\":\"PropertyValueSpecification\",\"valueRequired\":true,\"valueName\":\"search_term_string\"}}],\"inLanguage\":\"de\"},{\"@type\":\"Organization\",\"@id\":\"https:\\\/\\\/pixelfarmingrobotics.com\\\/#organization\",\"name\":\"Pixelfarming Robotics\",\"url\":\"https:\\\/\\\/pixelfarmingrobotics.com\\\/\",\"logo\":{\"@type\":\"ImageObject\",\"inLanguage\":\"de\",\"@id\":\"https:\\\/\\\/pixelfarmingrobotics.com\\\/#\\\/schema\\\/logo\\\/image\\\/\",\"url\":\"https:\\\/\\\/pixelfarmingrobotics.com\\\/wp-content\\\/uploads\\\/2024\\\/11\\\/PFR_Logo_Black@2x.png\",\"contentUrl\":\"https:\\\/\\\/pixelfarmingrobotics.com\\\/wp-content\\\/uploads\\\/2024\\\/11\\\/PFR_Logo_Black@2x.png\",\"width\":4266,\"height\":522,\"caption\":\"Pixelfarming Robotics\"},\"image\":{\"@id\":\"https:\\\/\\\/pixelfarmingrobotics.com\\\/#\\\/schema\\\/logo\\\/image\\\/\"},\"sameAs\":[\"https:\\\/\\\/www.linkedin.com\\\/company\\\/pixelfarmingrobotics\\\/\",\"https:\\\/\\\/www.youtube.com\\\/@PixelfarmingRobotics\"]}]}<\/script>\n<!-- \/ Yoast SEO plugin. -->","yoast_head_json":{"title":"Robot One Brosch\u00fcre | Pixelfarming Robotics","description":"In der Brosch\u00fcre erfahren Sie, wie das Unkrautj\u00e4ten einfacher, nachhaltiger und intelligenter wird. Fordern Sie sie jetzt an!","robots":{"index":"index","follow":"follow","max-snippet":"max-snippet:-1","max-image-preview":"max-image-preview:large","max-video-preview":"max-video-preview:-1"},"canonical":"https:\/\/pixelfarmingrobotics.com\/de\/robot-one-broschure\/","og_locale":"de_DE","og_type":"article","og_title":"Robot One Brochure | Pixelfarming Robotics","og_description":"The brochure dives into how it makes weeding easier, more sustainable, and a whole lot smarter. Request it now!","og_url":"https:\/\/pixelfarmingrobotics.com\/de\/robot-one-broschure\/","og_site_name":"Pixelfarming Robotics","article_modified_time":"2026-02-04T10:16:10+00:00","og_image":[{"width":1920,"height":1080,"url":"https:\/\/pixelfarmingrobotics.com\/wp-content\/uploads\/2025\/02\/Robot-One-24-Image.jpg","type":"image\/jpeg"}],"twitter_card":"summary_large_image","twitter_misc":{"Gesch\u00e4tzte Lesezeit":"1\u00a0Minute"},"schema":{"@context":"https:\/\/schema.org","@graph":[{"@type":"WebPage","@id":"https:\/\/pixelfarmingrobotics.com\/robot-one-brochure\/","url":"https:\/\/pixelfarmingrobotics.com\/robot-one-brochure\/","name":"Robot One Brosch\u00fcre | Pixelfarming Robotics","isPartOf":{"@id":"https:\/\/pixelfarmingrobotics.com\/#website"},"datePublished":"2025-08-25T09:49:30+00:00","dateModified":"2026-02-04T10:16:10+00:00","description":"In der Brosch\u00fcre erfahren Sie, wie das Unkrautj\u00e4ten einfacher, nachhaltiger und intelligenter wird. Fordern Sie sie jetzt an!","breadcrumb":{"@id":"https:\/\/pixelfarmingrobotics.com\/robot-one-brochure\/#breadcrumb"},"inLanguage":"de","potentialAction":[{"@type":"ReadAction","target":["https:\/\/pixelfarmingrobotics.com\/robot-one-brochure\/"]}]},{"@type":"BreadcrumbList","@id":"https:\/\/pixelfarmingrobotics.com\/robot-one-brochure\/#breadcrumb","itemListElement":[{"@type":"ListItem","position":1,"name":"Home","item":"https:\/\/pixelfarmingrobotics.com\/"},{"@type":"ListItem","position":2,"name":"Robot One Brochure"}]},{"@type":"WebSite","@id":"https:\/\/pixelfarmingrobotics.com\/#website","url":"https:\/\/pixelfarmingrobotics.com\/","name":"Pixelfarming Robotics","description":"Wir schaffen Roboter f\u00fcr zuk\u00fcnftige Landwirte","publisher":{"@id":"https:\/\/pixelfarmingrobotics.com\/#organization"},"alternateName":"PFR","potentialAction":[{"@type":"SearchAction","target":{"@type":"EntryPoint","urlTemplate":"https:\/\/pixelfarmingrobotics.com\/?s={search_term_string}"},"query-input":{"@type":"PropertyValueSpecification","valueRequired":true,"valueName":"search_term_string"}}],"inLanguage":"de"},{"@type":"Organization","@id":"https:\/\/pixelfarmingrobotics.com\/#organization","name":"Pixelfarming Robotics","url":"https:\/\/pixelfarmingrobotics.com\/","logo":{"@type":"ImageObject","inLanguage":"de","@id":"https:\/\/pixelfarmingrobotics.com\/#\/schema\/logo\/image\/","url":"https:\/\/pixelfarmingrobotics.com\/wp-content\/uploads\/2024\/11\/PFR_Logo_Black@2x.png","contentUrl":"https:\/\/pixelfarmingrobotics.com\/wp-content\/uploads\/2024\/11\/PFR_Logo_Black@2x.png","width":4266,"height":522,"caption":"Pixelfarming Robotics"},"image":{"@id":"https:\/\/pixelfarmingrobotics.com\/#\/schema\/logo\/image\/"},"sameAs":["https:\/\/www.linkedin.com\/company\/pixelfarmingrobotics\/","https:\/\/www.youtube.com\/@PixelfarmingRobotics"]}]}},"_links":{"self":[{"href":"https:\/\/pixelfarmingrobotics.com\/de\/wp-json\/wp\/v2\/pages\/4073","targetHints":{"allow":["GET"]}}],"collection":[{"href":"https:\/\/pixelfarmingrobotics.com\/de\/wp-json\/wp\/v2\/pages"}],"about":[{"href":"https:\/\/pixelfarmingrobotics.com\/de\/wp-json\/wp\/v2\/types\/page"}],"author":[{"embeddable":true,"href":"https:\/\/pixelfarmingrobotics.com\/de\/wp-json\/wp\/v2\/users\/2"}],"replies":[{"embeddable":true,"href":"https:\/\/pixelfarmingrobotics.com\/de\/wp-json\/wp\/v2\/comments?post=4073"}],"version-history":[{"count":16,"href":"https:\/\/pixelfarmingrobotics.com\/de\/wp-json\/wp\/v2\/pages\/4073\/revisions"}],"predecessor-version":[{"id":4970,"href":"https:\/\/pixelfarmingrobotics.com\/de\/wp-json\/wp\/v2\/pages\/4073\/revisions\/4970"}],"wp:attachment":[{"href":"https:\/\/pixelfarmingrobotics.com\/de\/wp-json\/wp\/v2\/media?parent=4073"}],"curies":[{"name":"wp","href":"https:\/\/api.w.org\/{rel}","templated":true}]}}