{"id":4607,"date":"2025-11-10T14:44:36","date_gmt":"2025-11-10T14:44:36","guid":{"rendered":"https:\/\/pixelfarmingrobotics.com\/?page_id=4607"},"modified":"2026-03-30T14:36:40","modified_gmt":"2026-03-30T14:36:40","slug":"fontysmeetmatch","status":"publish","type":"page","link":"https:\/\/pixelfarmingrobotics.com\/da\/fontysmeetmatch\/","title":{"rendered":"Fontys Leadform"},"content":{"rendered":"<section id=\"robotone1\" class=\"bde-section-4607-100 bde-section\">\n  \n  \n\t\n\n\n\n<div class=\"section-container\"><\/div>\n<\/section><section class=\"bde-section-4607-106 bde-section\">\n  \n  \n\t\n\n\n\n<div class=\"section-container\"><div class=\"bde-div-4607-101 bde-div\">\n  \n  \n\t\n\n\n\n<h1 class=\"bde-heading-4607-102 bde-heading\">\nFontys Meet & Match\n<\/h1><div class=\"bde-text-4607-103 bde-text\">\nLeuk dat je geinteresseerd bent in ons bedrijf! Vul het onderstaande formulier in om meer informatie te ontvangen.\n<\/div>\n<\/div><div class=\"bde-form-builder-4607-105 bde-form-builder\">\n\n<form id=\"atix-leadform105\" class=\"breakdance-form breakdance-form--vertical\" data-options=\"{&quot;slug&quot;:&quot;custom&quot;,&quot;name&quot;:&quot;ATIx Leadform&quot;,&quot;ajaxUrl&quot;:&quot;https:\\\/\\\/pixelfarmingrobotics.com\\\/wp-admin\\\/admin-ajax.php&quot;,&quot;clearOnSuccess&quot;:true,&quot;hideOnSuccess&quot;:false,&quot;successMessage&quot;:&quot;Jouw bericht is succesvol verzonden&quot;,&quot;errorMessage&quot;:&quot;Something went wrong&quot;,&quot;redirect&quot;:true,&quot;redirectUrl&quot;:&quot;https:\\\/\\\/pixelfarmingrobotics.com\\\/careers\\\/&quot;,&quot;customJavaScript&quot;:&quot;&quot;,&quot;recaptcha&quot;:{&quot;key&quot;:&quot;6LfBm78qAAAAAMdalV51oEsNW5SWSCdyFpGK7p1G&quot;,&quot;enabled&quot;:true},&quot;honeypot_enabled&quot;:false,&quot;popupsOnSuccess&quot;:[],&quot;popupsOnError&quot;:[]}\" data-steps=\"0\" >\n  \n  \n  \n<div class=\"breakdance-form-field breakdance-form-field--text\" >\n    \n    \n            <label class=\"breakdance-form-field__label\" for=\"name\">\n            Naam<span class=\"breakdance-form-field__required\">*<\/span>\n        <\/label>\n    \n    <input\n    class=\"breakdance-form-field__input\"\n    id=\"name\"\n    aria-describedby=\"name\"\n    type=\"text\"\n    name=\"fields[name]\"\n    placeholder=\"\"\n    value=\"\"\n                \n        \n        \n    required\n    \n    \n    \n    \n    \n>\n\n\n    \n    \n<\/div>\n\n\n<div class=\"breakdance-form-field breakdance-form-field--tel\" >\n    \n    \n            <label class=\"breakdance-form-field__label\" for=\"ozfcte\">\n            Telefoonnummer\n        <\/label>\n    \n    <input\n    class=\"breakdance-form-field__input\"\n    id=\"ozfcte\"\n    aria-describedby=\"ozfcte\"\n    type=\"tel\"\n    name=\"fields[ozfcte]\"\n    placeholder=\"\"\n    value=\"\"\n                \n        \n        \n    \n    \n    \n    \n    \n    \n>\n\n\n    \n    \n<\/div>\n\n\n<div class=\"breakdance-form-field breakdance-form-field--email\" >\n    \n    \n            <label class=\"breakdance-form-field__label\" for=\"email\">\n            Email<span class=\"breakdance-form-field__required\">*<\/span>\n        <\/label>\n    \n    <input\n    class=\"breakdance-form-field__input\"\n    id=\"email\"\n    aria-describedby=\"email\"\n    type=\"email\"\n    name=\"fields[email]\"\n    placeholder=\"\"\n    value=\"\"\n                \n        \n        \n    required\n    \n    \n    \n    \n    \n>\n\n\n    \n    \n<\/div>\n\n\n<div class=\"breakdance-form-field breakdance-form-field--text\" >\n    \n    \n            <label class=\"breakdance-form-field__label\" for=\"rkwjii\">\n            Woonplaats\n        <\/label>\n    \n    <input\n    class=\"breakdance-form-field__input\"\n    id=\"rkwjii\"\n    aria-describedby=\"rkwjii\"\n    type=\"text\"\n    name=\"fields[rkwjii]\"\n    placeholder=\"\"\n    value=\"\"\n                \n        \n        \n    \n    \n    \n    \n    \n    \n>\n\n\n    \n    \n<\/div>\n\n\n<div class=\"breakdance-form-field breakdance-form-field--radio\" >\n    \n    \n    \n      <fieldset role=\"radiogroup\"\n          aria-label=\"Welke studie doe je?\"\n      >\n          <legend class=\"breakdance-form-field__label\">Welke studie doe je?<\/legend>\n                <div class=\"breakdance-form-radio\">\n            <input\n                type=\"radio\"\n                name=\"fields[exnwek][]\"\n                value=\"Werktuigbouwkunde\"\n                id=\"exnwek-1\"\n                \n                \n                \n                            >\n            <label class=\"breakdance-form-radio__text\" for=\"exnwek-1\">Werktuigbouwkunde<\/label>\n        <\/div>\n            <div class=\"breakdance-form-radio\">\n            <input\n                type=\"radio\"\n                name=\"fields[exnwek][]\"\n                value=\"Mechatronica\"\n                id=\"exnwek-2\"\n                \n                \n                \n                            >\n            <label class=\"breakdance-form-radio__text\" for=\"exnwek-2\">Mechatronica<\/label>\n        <\/div>\n            <div class=\"breakdance-form-radio\">\n            <input\n                type=\"radio\"\n                name=\"fields[exnwek][]\"\n                value=\"Elektrotechniek\"\n                id=\"exnwek-3\"\n                \n                \n                \n                            >\n            <label class=\"breakdance-form-radio__text\" for=\"exnwek-3\">Elektrotechniek<\/label>\n        <\/div>\n            <div class=\"breakdance-form-radio\">\n            <input\n                type=\"radio\"\n                name=\"fields[exnwek][]\"\n                value=\"Business IT &amp; Management\"\n                id=\"exnwek-4\"\n                \n                \n                \n                            >\n            <label class=\"breakdance-form-radio__text\" for=\"exnwek-4\">Business IT & Management<\/label>\n        <\/div>\n            <div class=\"breakdance-form-radio\">\n            <input\n                type=\"radio\"\n                name=\"fields[exnwek][]\"\n                value=\"Informatica\"\n                id=\"exnwek-5\"\n                \n                \n                \n                            >\n            <label class=\"breakdance-form-radio__text\" for=\"exnwek-5\">Informatica<\/label>\n        <\/div>\n            <div class=\"breakdance-form-radio\">\n            <input\n                type=\"radio\"\n                name=\"fields[exnwek][]\"\n                value=\"Technische Informatica\"\n                id=\"exnwek-6\"\n                \n                \n                \n                            >\n            <label class=\"breakdance-form-radio__text\" for=\"exnwek-6\">Technische Informatica<\/label>\n        <\/div>\n            <div class=\"breakdance-form-radio\">\n            <input\n                type=\"radio\"\n                name=\"fields[exnwek][]\"\n                value=\"Technische Bedrijfskunde\"\n                id=\"exnwek-7\"\n                \n                \n                \n                            >\n            <label class=\"breakdance-form-radio__text\" for=\"exnwek-7\">Technische Bedrijfskunde<\/label>\n        <\/div>\n            <div class=\"breakdance-form-radio\">\n            <input\n                type=\"radio\"\n                name=\"fields[exnwek][]\"\n                value=\"Toegepaste Wiskunde\"\n                id=\"exnwek-8\"\n                \n                \n                \n                            >\n            <label class=\"breakdance-form-radio__text\" for=\"exnwek-8\">Toegepaste Wiskunde<\/label>\n        <\/div>\n            <div class=\"breakdance-form-radio\">\n            <input\n                type=\"radio\"\n                name=\"fields[exnwek][]\"\n                value=\"Master System Design\"\n                id=\"exnwek-9\"\n                \n                \n                \n                            >\n            <label class=\"breakdance-form-radio__text\" for=\"exnwek-9\">Master System Design<\/label>\n        <\/div>\n            <div class=\"breakdance-form-radio\">\n            <input\n                type=\"radio\"\n                name=\"fields[exnwek][]\"\n                value=\"Data Science in Engineering and Logistics\"\n                id=\"exnwek-10\"\n                \n                \n                \n                            >\n            <label class=\"breakdance-form-radio__text\" for=\"exnwek-10\">Data Science in Engineering and Logistics<\/label>\n        <\/div>\n            <div class=\"breakdance-form-radio\">\n            <input\n                type=\"radio\"\n                name=\"fields[exnwek][]\"\n                value=\"Master Digital Technology Engineering\"\n                id=\"exnwek-11\"\n                \n                \n                \n                            >\n            <label class=\"breakdance-form-radio__text\" for=\"exnwek-11\">Master Digital Technology Engineering<\/label>\n        <\/div>\n      <\/fieldset>\n\n\n    \n    \n<\/div>\n\n\n<div class=\"breakdance-form-field breakdance-form-field--radio\" >\n    \n    \n    \n      <fieldset role=\"radiogroup\"\n          aria-label=\"Waar ben je naar op zoek?\"\n      >\n          <legend class=\"breakdance-form-field__label\">Waar ben je naar op zoek?<\/legend>\n                <div class=\"breakdance-form-radio\">\n            <input\n                type=\"radio\"\n                name=\"fields[bumbxm][]\"\n                value=\"Afstudeerstage\"\n                id=\"bumbxm-1\"\n                \n                \n                \n                            >\n            <label class=\"breakdance-form-radio__text\" for=\"bumbxm-1\">Afstudeerstage<\/label>\n        <\/div>\n            <div class=\"breakdance-form-radio\">\n            <input\n                type=\"radio\"\n                name=\"fields[bumbxm][]\"\n                value=\"Derdejaarsstage\"\n                id=\"bumbxm-2\"\n                \n                \n                \n                            >\n            <label class=\"breakdance-form-radio__text\" for=\"bumbxm-2\">Derdejaarsstage<\/label>\n        <\/div>\n            <div class=\"breakdance-form-radio\">\n            <input\n                type=\"radio\"\n                name=\"fields[bumbxm][]\"\n                value=\"Fulltime baan\"\n                id=\"bumbxm-3\"\n                \n                \n                \n                            >\n            <label class=\"breakdance-form-radio__text\" for=\"bumbxm-3\">Fulltime baan<\/label>\n        <\/div>\n            <div class=\"breakdance-form-radio\">\n            <input\n                type=\"radio\"\n                name=\"fields[bumbxm][]\"\n                value=\"Bijbaan\"\n                id=\"bumbxm-4\"\n                \n                \n                \n                            >\n            <label class=\"breakdance-form-radio__text\" for=\"bumbxm-4\">Bijbaan<\/label>\n        <\/div>\n      <\/fieldset>\n\n\n    \n    \n<\/div>\n\n\n<div class=\"breakdance-form-field breakdance-form-field--file\" >\n    \n    \n            <label class=\"breakdance-form-field__label\" for=\"fgsnrd\">\n            Maak een selfie met ons of upload jouw foto\n        <\/label>\n    \n    <label for=\"fgsnrd\" class=\"breakdance-form-file-upload breakdance-form-file-upload--draggable\">\n\n            <span class=\"breakdance-form-dropzone\" tabindex=\"0\">\n            <svg class=\"breakdance-form-dropzone__icon\" width=\"48\" stroke=\"currentColor\" fill=\"none\" viewBox=\"0 0 48 48\" aria-hidden=\"true\">\n                <path d=\"M28 8H12a4 4 0 00-4 4v20m32-12v8m0 0v8a4 4 0 01-4 4H12a4 4 0 01-4-4v-4m32-4l-3.172-3.172a4 4 0 00-5.656 0L28 28M8 32l9.172-9.172a4 4 0 015.656 0L28 28m0 0l4 4m4-24h8m-4-4v8m-12 4h.02\" stroke-width=\"2\" stroke-linecap=\"round\" stroke-linejoin=\"round\"><\/path>\n            <\/svg>\n\n            <span class=\"breakdance-form-dropzone__title\">\n                <span>Upload a file<\/span> or drag and drop.\n            <\/span>\n            <span class=\"breakdance-form-dropzone__accepts\">\n                              jpg, jpeg, jpe, png, tiff, tif, heic, pdf\n                            up to 20MB\n            <\/span>\n        <\/span>\n    \n    <input\n        id=\"fgsnrd\"\n        name=\"fields[fgsnrd][]\"\n        type=\"file\"\n        class=\"breakdance-form-file-upload__input\"\n        accept=\"image\/jpeg,image\/png,image\/tiff,image\/heic,application\/pdf\"\n        \n        \n        \n                data-max-files=\"1\"\n        data-i18n-empty-text=\"No file chosen\"\n        data-i18n-filled-text=\"%n files\"\n        data-i18n-error-text=\"Only %n file(s) allowed.\"\n    >\n<\/label>\n\n    <ul class=\"breakdance-form-files-list\"><\/ul>\n\n\n    \n    \n<\/div>\n\n\n<div class=\"breakdance-form-field breakdance-form-field--checkbox\" >\n    \n    \n    \n    <fieldset role=\"group\"\n    aria-label=\"Ik ga akkoord met het onderstaande:\"\n    >\n       <legend class=\"breakdance-form-field__label\">Ik ga akkoord met het onderstaande:<span class=\"breakdance-form-field__required\">*<\/span><\/legend>\n          <div class=\"breakdance-form-checkbox\">\n          <input\n              type=\"checkbox\"\n              name=\"fields[oiwnqa][]\"\n              value=\"Pixelfarming Robotics mag de bovenstaande gegevens verwerken\"\n              id=\"oiwnqa-1\"\n              \n              \n                        >\n          <label class=\"breakdance-form-checkbox__text\" for=\"oiwnqa-1\">Pixelfarming Robotics mag de bovenstaande gegevens verwerken<\/label>\n      <\/div>\n        <div class=\"breakdance-form-checkbox\">\n          <input\n              type=\"checkbox\"\n              name=\"fields[oiwnqa][]\"\n              value=\"Ik wil graag extra informatie ontvangen per mail\"\n              id=\"oiwnqa-2\"\n              \n              \n                        >\n          <label class=\"breakdance-form-checkbox__text\" for=\"oiwnqa-2\">Ik wil graag extra informatie ontvangen per mail<\/label>\n      <\/div>\n  <\/fieldset>\n\n\n\n    \n    \n<\/div>\n\n\n<div class=\"breakdance-form-field breakdance-form-field--textarea\" >\n    \n    \n            <label class=\"breakdance-form-field__label\" for=\"ltghyz\">\n            Vragen en\/of opmerkingen\n        <\/label>\n    \n    <textarea\n    class=\"breakdance-form-field__input\"\n    id=\"ltghyz\"\n    aria-describedby=\"ltghyz\"\n    type=\"textarea\"\n    name=\"fields[ltghyz]\"\n        placeholder=\"\"\n    \n    \n    \n    >\n<\/textarea>\n\n\n    \n    \n<\/div><div class=\"breakdance-form-field breakdance-form-footer\">    \n    \n    \n    \n    \n            \n            <button type=\"submit\" class=\"button-atom button-atom--primary breakdance-form-button breakdance-form-button__submit\"  >\n    \n        <span class=\"button-atom__text\">Submit<\/span>\n\n        \n        \n            <\/button>\n    \n    <input type=\"hidden\" name=\"form_id\" value=\"105\">\n    <input type=\"hidden\" name=\"post_id\" value=\"4607\">\n<\/div>\n\n  \n<\/form>\n\n\n<\/div><\/div>\n<\/section>","protected":false},"excerpt":{"rendered":"<p>Fontys Meet &#038; Match Leuk dat je geinteresseerd bent in ons bedrijf! Vul het onderstaande formulier in om meer informatie te ontvangen. Naam* Telefoonnummer Email* Woonplaats Welke studie doe je? Werktuigbouwkunde Mechatronica Elektrotechniek Business IT &#038; Management Informatica Technische Informatica Technische Bedrijfskunde Toegepaste Wiskunde Master System Design Data Science in Engineering and Logistics Master Digital [&hellip;]<\/p>\n","protected":false},"author":2,"featured_media":0,"parent":0,"menu_order":0,"comment_status":"closed","ping_status":"closed","template":"","meta":{"_acf_changed":false,"_breakdance_hide_in_design_set":false,"_breakdance_tags":"","footnotes":""},"class_list":["post-4607","page","type-page","status-publish","hentry"],"acf":[],"yoast_head":"<!-- This site is optimized with the Yoast SEO plugin v27.3 - https:\/\/yoast.com\/product\/yoast-seo-wordpress\/ -->\n<title>Fontys Leadform | Pixelfarming Robotics<\/title>\n<meta name=\"description\" content=\"The brochure dives into how it makes weeding easier, more sustainable, and a whole lot smarter. Request it now!\" \/>\n<meta name=\"robots\" content=\"index, follow, max-snippet:-1, max-image-preview:large, max-video-preview:-1\" \/>\n<link rel=\"canonical\" href=\"https:\/\/pixelfarmingrobotics.com\/da\/fontysmeetmatch\/\" \/>\n<meta property=\"og:locale\" content=\"da_DK\" \/>\n<meta property=\"og:type\" content=\"article\" \/>\n<meta property=\"og:title\" content=\"Fontys Leadform | Pixelfarming Robotics\" \/>\n<meta property=\"og:description\" content=\"The brochure dives into how it makes weeding easier, more sustainable, and a whole lot smarter. Request it now!\" \/>\n<meta property=\"og:url\" content=\"https:\/\/pixelfarmingrobotics.com\/da\/fontysmeetmatch\/\" \/>\n<meta property=\"og:site_name\" content=\"Pixelfarming Robotics\" \/>\n<meta property=\"article:modified_time\" content=\"2026-03-30T14:36:40+00:00\" \/>\n<meta property=\"og:image\" content=\"https:\/\/pixelfarmingrobotics.com\/wp-content\/uploads\/2025\/02\/Robot-One-24-Image.jpg\" \/>\n\t<meta property=\"og:image:width\" content=\"1920\" \/>\n\t<meta property=\"og:image:height\" content=\"1080\" \/>\n\t<meta property=\"og:image:type\" content=\"image\/jpeg\" \/>\n<meta name=\"twitter:card\" content=\"summary_large_image\" \/>\n<meta name=\"twitter:label1\" content=\"Estimeret l\u00e6setid\" \/>\n\t<meta name=\"twitter:data1\" content=\"1 minut\" \/>\n<script type=\"application\/ld+json\" class=\"yoast-schema-graph\">{\"@context\":\"https:\\\/\\\/schema.org\",\"@graph\":[{\"@type\":\"WebPage\",\"@id\":\"https:\\\/\\\/pixelfarmingrobotics.com\\\/fontysmeetmatch\\\/\",\"url\":\"https:\\\/\\\/pixelfarmingrobotics.com\\\/fontysmeetmatch\\\/\",\"name\":\"Fontys Leadform | Pixelfarming Robotics\",\"isPartOf\":{\"@id\":\"https:\\\/\\\/pixelfarmingrobotics.com\\\/#website\"},\"datePublished\":\"2025-11-10T14:44:36+00:00\",\"dateModified\":\"2026-03-30T14:36:40+00:00\",\"description\":\"The brochure dives into how it makes weeding easier, more sustainable, and a whole lot smarter. Request it now!\",\"breadcrumb\":{\"@id\":\"https:\\\/\\\/pixelfarmingrobotics.com\\\/fontysmeetmatch\\\/#breadcrumb\"},\"inLanguage\":\"da-DK\",\"potentialAction\":[{\"@type\":\"ReadAction\",\"target\":[\"https:\\\/\\\/pixelfarmingrobotics.com\\\/fontysmeetmatch\\\/\"]}]},{\"@type\":\"BreadcrumbList\",\"@id\":\"https:\\\/\\\/pixelfarmingrobotics.com\\\/fontysmeetmatch\\\/#breadcrumb\",\"itemListElement\":[{\"@type\":\"ListItem\",\"position\":1,\"name\":\"Home\",\"item\":\"https:\\\/\\\/pixelfarmingrobotics.com\\\/\"},{\"@type\":\"ListItem\",\"position\":2,\"name\":\"Fontys Leadform\"}]},{\"@type\":\"WebSite\",\"@id\":\"https:\\\/\\\/pixelfarmingrobotics.com\\\/#website\",\"url\":\"https:\\\/\\\/pixelfarmingrobotics.com\\\/\",\"name\":\"Pixelfarming Robotics\",\"description\":\"We create Robots for Future Farmers\",\"publisher\":{\"@id\":\"https:\\\/\\\/pixelfarmingrobotics.com\\\/#organization\"},\"alternateName\":\"PFR\",\"potentialAction\":[{\"@type\":\"SearchAction\",\"target\":{\"@type\":\"EntryPoint\",\"urlTemplate\":\"https:\\\/\\\/pixelfarmingrobotics.com\\\/?s={search_term_string}\"},\"query-input\":{\"@type\":\"PropertyValueSpecification\",\"valueRequired\":true,\"valueName\":\"search_term_string\"}}],\"inLanguage\":\"da-DK\"},{\"@type\":\"Organization\",\"@id\":\"https:\\\/\\\/pixelfarmingrobotics.com\\\/#organization\",\"name\":\"Pixelfarming Robotics\",\"url\":\"https:\\\/\\\/pixelfarmingrobotics.com\\\/\",\"logo\":{\"@type\":\"ImageObject\",\"inLanguage\":\"da-DK\",\"@id\":\"https:\\\/\\\/pixelfarmingrobotics.com\\\/#\\\/schema\\\/logo\\\/image\\\/\",\"url\":\"https:\\\/\\\/pixelfarmingrobotics.com\\\/wp-content\\\/uploads\\\/2024\\\/11\\\/PFR_Logo_Black@2x.png\",\"contentUrl\":\"https:\\\/\\\/pixelfarmingrobotics.com\\\/wp-content\\\/uploads\\\/2024\\\/11\\\/PFR_Logo_Black@2x.png\",\"width\":4266,\"height\":522,\"caption\":\"Pixelfarming Robotics\"},\"image\":{\"@id\":\"https:\\\/\\\/pixelfarmingrobotics.com\\\/#\\\/schema\\\/logo\\\/image\\\/\"},\"sameAs\":[\"https:\\\/\\\/www.linkedin.com\\\/company\\\/pixelfarmingrobotics\\\/\",\"https:\\\/\\\/www.youtube.com\\\/@PixelfarmingRobotics\"]}]}<\/script>\n<!-- \/ Yoast SEO plugin. -->","yoast_head_json":{"title":"Fontys Leadform | Pixelfarming Robotics","description":"Brochuren dykker ned i, hvordan den g\u00f8r ukrudtsbek\u00e6mpelse lettere, mere b\u00e6redygtig og meget smartere. Anmod om den nu!","robots":{"index":"index","follow":"follow","max-snippet":"max-snippet:-1","max-image-preview":"max-image-preview:large","max-video-preview":"max-video-preview:-1"},"canonical":"https:\/\/pixelfarmingrobotics.com\/da\/fontysmeetmatch\/","og_locale":"da_DK","og_type":"article","og_title":"Fontys Leadform | Pixelfarming Robotics","og_description":"The brochure dives into how it makes weeding easier, more sustainable, and a whole lot smarter. Request it now!","og_url":"https:\/\/pixelfarmingrobotics.com\/da\/fontysmeetmatch\/","og_site_name":"Pixelfarming Robotics","article_modified_time":"2026-03-30T14:36:40+00:00","og_image":[{"width":1920,"height":1080,"url":"https:\/\/pixelfarmingrobotics.com\/wp-content\/uploads\/2025\/02\/Robot-One-24-Image.jpg","type":"image\/jpeg"}],"twitter_card":"summary_large_image","twitter_misc":{"Estimeret l\u00e6setid":"1 minut"},"schema":{"@context":"https:\/\/schema.org","@graph":[{"@type":"WebPage","@id":"https:\/\/pixelfarmingrobotics.com\/fontysmeetmatch\/","url":"https:\/\/pixelfarmingrobotics.com\/fontysmeetmatch\/","name":"Fontys Leadform | Pixelfarming Robotics","isPartOf":{"@id":"https:\/\/pixelfarmingrobotics.com\/#website"},"datePublished":"2025-11-10T14:44:36+00:00","dateModified":"2026-03-30T14:36:40+00:00","description":"Brochuren dykker ned i, hvordan den g\u00f8r ukrudtsbek\u00e6mpelse lettere, mere b\u00e6redygtig og meget smartere. Anmod om den nu!","breadcrumb":{"@id":"https:\/\/pixelfarmingrobotics.com\/fontysmeetmatch\/#breadcrumb"},"inLanguage":"da-DK","potentialAction":[{"@type":"ReadAction","target":["https:\/\/pixelfarmingrobotics.com\/fontysmeetmatch\/"]}]},{"@type":"BreadcrumbList","@id":"https:\/\/pixelfarmingrobotics.com\/fontysmeetmatch\/#breadcrumb","itemListElement":[{"@type":"ListItem","position":1,"name":"Home","item":"https:\/\/pixelfarmingrobotics.com\/"},{"@type":"ListItem","position":2,"name":"Fontys Leadform"}]},{"@type":"WebSite","@id":"https:\/\/pixelfarmingrobotics.com\/#website","url":"https:\/\/pixelfarmingrobotics.com\/","name":"Pixelfarming Robotics","description":"Vi skaber robotter til fremtidens landm\u00e6nd","publisher":{"@id":"https:\/\/pixelfarmingrobotics.com\/#organization"},"alternateName":"PFR","potentialAction":[{"@type":"SearchAction","target":{"@type":"EntryPoint","urlTemplate":"https:\/\/pixelfarmingrobotics.com\/?s={search_term_string}"},"query-input":{"@type":"PropertyValueSpecification","valueRequired":true,"valueName":"search_term_string"}}],"inLanguage":"da-DK"},{"@type":"Organization","@id":"https:\/\/pixelfarmingrobotics.com\/#organization","name":"Pixelfarming Robotics","url":"https:\/\/pixelfarmingrobotics.com\/","logo":{"@type":"ImageObject","inLanguage":"da-DK","@id":"https:\/\/pixelfarmingrobotics.com\/#\/schema\/logo\/image\/","url":"https:\/\/pixelfarmingrobotics.com\/wp-content\/uploads\/2024\/11\/PFR_Logo_Black@2x.png","contentUrl":"https:\/\/pixelfarmingrobotics.com\/wp-content\/uploads\/2024\/11\/PFR_Logo_Black@2x.png","width":4266,"height":522,"caption":"Pixelfarming Robotics"},"image":{"@id":"https:\/\/pixelfarmingrobotics.com\/#\/schema\/logo\/image\/"},"sameAs":["https:\/\/www.linkedin.com\/company\/pixelfarmingrobotics\/","https:\/\/www.youtube.com\/@PixelfarmingRobotics"]}]}},"_links":{"self":[{"href":"https:\/\/pixelfarmingrobotics.com\/da\/wp-json\/wp\/v2\/pages\/4607","targetHints":{"allow":["GET"]}}],"collection":[{"href":"https:\/\/pixelfarmingrobotics.com\/da\/wp-json\/wp\/v2\/pages"}],"about":[{"href":"https:\/\/pixelfarmingrobotics.com\/da\/wp-json\/wp\/v2\/types\/page"}],"author":[{"embeddable":true,"href":"https:\/\/pixelfarmingrobotics.com\/da\/wp-json\/wp\/v2\/users\/2"}],"replies":[{"embeddable":true,"href":"https:\/\/pixelfarmingrobotics.com\/da\/wp-json\/wp\/v2\/comments?post=4607"}],"version-history":[{"count":33,"href":"https:\/\/pixelfarmingrobotics.com\/da\/wp-json\/wp\/v2\/pages\/4607\/revisions"}],"predecessor-version":[{"id":5192,"href":"https:\/\/pixelfarmingrobotics.com\/da\/wp-json\/wp\/v2\/pages\/4607\/revisions\/5192"}],"wp:attachment":[{"href":"https:\/\/pixelfarmingrobotics.com\/da\/wp-json\/wp\/v2\/media?parent=4607"}],"curies":[{"name":"wp","href":"https:\/\/api.w.org\/{rel}","templated":true}]}}